{"id":1475,"date":"2026-02-13T11:59:45","date_gmt":"2026-02-13T11:59:45","guid":{"rendered":"https:\/\/koener.excellence-group.lu\/zimmer\/chambre-familiale-clervaux\/"},"modified":"2026-02-13T13:29:25","modified_gmt":"2026-02-13T13:29:25","slug":"chambre-familiale-clervaux","status":"publish","type":"page","link":"https:\/\/koener.excellence-group.lu\/de\/zimmer\/chambre-familiale-clervaux\/","title":{"rendered":"Familienzimmer"},"content":{"rendered":"<p>Das ger\u00e4umige und helle Familienzimmer des Hotels Koener ist so konzipiert, dass es Jung und Alt in einer komfortablen und beruhigenden Umgebung willkommen hei\u00dft. Unter dem Dach gelegen, besticht es durch seine gro\u00dfz\u00fcgigen R\u00e4ume, seine charmanten Mansardend\u00e4cher und seine gem\u00fctliche Atmosph\u00e4re, ideal f\u00fcr einen Familienaufenthalt im Herzen der luxemburgischen Ardennen.<\/p>\n<p>Das Zimmer verf\u00fcgt \u00fcber ein gro\u00dfes, bequemes Bett, das sorgf\u00e4ltig mit hochwertiger Bettw\u00e4sche bezogen ist, sowie einen angenehmen Wohnbereich, in dem sich jeder entspannen kann. Einige Zimmer bieten direkten Zugang zu einer Terrasse, ein echter Vorteil, um einen Moment der Ruhe inmitten der umgebenden Natur zu genie\u00dfen.<\/p>\n<p>Das ger\u00e4umige und elegante Badezimmer ist mit einer Eckbadewanne ausgestattet, die nach einem erlebnisreichen Tag in Clervaux und der Region zum Entspannen einl\u00e4dt.<\/p>\n<p>Ein famili\u00e4rer R\u00fcckzugsort, in dem Komfort, Funktionalit\u00e4t und Gelassenheit aufeinander treffen und f\u00fcr einen angenehmen Aufenthalt im Hotel Koener sorgen.<\/p>\n<p><em>NB: Der Zugang zum Cinq Mondes SPA des Hotels ist bei einem Aufenthalt in einem Familienzimmer automatisch inbegriffen. Bitte beachten Sie jedoch, dass Kinder (bis 14 Jahre) nur bis Mittag im Poolbereich zugelassen sind.<\/em><\/p>\n","protected":false},"excerpt":{"rendered":"<p>Das ger\u00e4umige und helle Familienzimmer des Hotels Koener ist so konzipiert, dass es Jung und Alt in einer komfortablen und beruhigenden Umgebung willkommen hei\u00dft. Unter dem Dach gelegen, besticht es durch seine gro\u00dfz\u00fcgigen R\u00e4ume, seine charmanten Mansardend\u00e4cher und seine gem\u00fctliche Atmosph\u00e4re, ideal f\u00fcr einen Familienaufenthalt im Herzen der luxemburgischen Ardennen. Das Zimmer verf\u00fcgt \u00fcber ein [&hellip;]<\/p>\n","protected":false},"author":399,"featured_media":1458,"parent":211,"menu_order":0,"comment_status":"closed","ping_status":"closed","template":"template-single-room.php","meta":{"footnotes":""},"class_list":["post-1475","page","type-page","status-publish","has-post-thumbnail","hentry"],"yoast_head":"<!-- This site is optimized with the Yoast SEO plugin v26.9 - https:\/\/yoast.com\/product\/yoast-seo-wordpress\/ -->\n<title>Chambre Familiale \/ H\u00f4tel Koener \/ Clervaux<\/title>\n<meta name=\"description\" content=\"D\u00e9couvrez la chambre familiale de l&#039;h\u00f4tel Koener \u00e0 Clervaux, un h\u00f4tel 4 \u00e9toiles avec spa inclus dans le Nord du Luxembourg.\" \/>\n<meta name=\"robots\" content=\"index, follow, max-snippet:-1, max-image-preview:large, max-video-preview:-1\" \/>\n<link rel=\"canonical\" href=\"https:\/\/koener.excellence-group.lu\/de\/zimmer\/chambre-familiale-clervaux\/\" \/>\n<meta property=\"og:locale\" content=\"de_DE\" \/>\n<meta property=\"og:type\" content=\"article\" \/>\n<meta property=\"og:title\" content=\"Chambre Familiale \/ H\u00f4tel Koener \/ Clervaux\" \/>\n<meta property=\"og:description\" content=\"D\u00e9couvrez la chambre familiale de l&#039;h\u00f4tel Koener \u00e0 Clervaux, un h\u00f4tel 4 \u00e9toiles avec spa inclus dans le Nord du Luxembourg.\" \/>\n<meta property=\"og:url\" content=\"https:\/\/koener.excellence-group.lu\/de\/zimmer\/chambre-familiale-clervaux\/\" \/>\n<meta property=\"og:site_name\" content=\"Koener\" \/>\n<meta property=\"article:modified_time\" content=\"2026-02-13T13:29:25+00:00\" \/>\n<meta property=\"og:image\" content=\"https:\/\/koener.excellence-group.lu\/wp-content\/uploads\/sites\/391\/2026\/02\/chambre-familiale-clervaux-luxembourg-hotel-koener-5-1024x683.png\" \/>\n\t<meta property=\"og:image:width\" content=\"1024\" \/>\n\t<meta property=\"og:image:height\" content=\"683\" \/>\n\t<meta property=\"og:image:type\" content=\"image\/png\" \/>\n<meta name=\"twitter:card\" content=\"summary_large_image\" \/>\n<meta name=\"twitter:label1\" content=\"Gesch\u00e4tzte Lesezeit\" \/>\n\t<meta name=\"twitter:data1\" content=\"2 Minuten\" \/>\n<script type=\"application\/ld+json\" class=\"yoast-schema-graph\">{\"@context\":\"https:\/\/schema.org\",\"@graph\":[{\"@type\":\"WebPage\",\"@id\":\"https:\/\/koener.excellence-group.lu\/de\/zimmer\/chambre-familiale-clervaux\/\",\"url\":\"https:\/\/koener.excellence-group.lu\/de\/zimmer\/chambre-familiale-clervaux\/\",\"name\":\"Chambre Familiale \/ H\u00f4tel Koener \/ Clervaux\",\"isPartOf\":{\"@id\":\"https:\/\/koener.excellence-group.lu\/de\/#website\"},\"primaryImageOfPage\":{\"@id\":\"https:\/\/koener.excellence-group.lu\/de\/zimmer\/chambre-familiale-clervaux\/#primaryimage\"},\"image\":{\"@id\":\"https:\/\/koener.excellence-group.lu\/de\/zimmer\/chambre-familiale-clervaux\/#primaryimage\"},\"thumbnailUrl\":\"https:\/\/koener.excellence-group.lu\/wp-content\/uploads\/sites\/391\/2026\/02\/chambre-familiale-clervaux-luxembourg-hotel-koener-5.png\",\"datePublished\":\"2026-02-13T11:59:45+00:00\",\"dateModified\":\"2026-02-13T13:29:25+00:00\",\"description\":\"D\u00e9couvrez la chambre familiale de l'h\u00f4tel Koener \u00e0 Clervaux, un h\u00f4tel 4 \u00e9toiles avec spa inclus dans le Nord du Luxembourg.\",\"breadcrumb\":{\"@id\":\"https:\/\/koener.excellence-group.lu\/de\/zimmer\/chambre-familiale-clervaux\/#breadcrumb\"},\"inLanguage\":\"de-DE\",\"potentialAction\":[{\"@type\":\"ReadAction\",\"target\":[\"https:\/\/koener.excellence-group.lu\/de\/zimmer\/chambre-familiale-clervaux\/\"]}]},{\"@type\":\"ImageObject\",\"inLanguage\":\"de-DE\",\"@id\":\"https:\/\/koener.excellence-group.lu\/de\/zimmer\/chambre-familiale-clervaux\/#primaryimage\",\"url\":\"https:\/\/koener.excellence-group.lu\/wp-content\/uploads\/sites\/391\/2026\/02\/chambre-familiale-clervaux-luxembourg-hotel-koener-5.png\",\"contentUrl\":\"https:\/\/koener.excellence-group.lu\/wp-content\/uploads\/sites\/391\/2026\/02\/chambre-familiale-clervaux-luxembourg-hotel-koener-5.png\",\"width\":1536,\"height\":1024},{\"@type\":\"BreadcrumbList\",\"@id\":\"https:\/\/koener.excellence-group.lu\/de\/zimmer\/chambre-familiale-clervaux\/#breadcrumb\",\"itemListElement\":[{\"@type\":\"ListItem\",\"position\":1,\"name\":\"Home\",\"item\":\"https:\/\/koener.excellence-group.lu\/de\/\"},{\"@type\":\"ListItem\",\"position\":2,\"name\":\"Chambres &amp; Suites\",\"item\":\"https:\/\/koener.excellence-group.lu\/de\/zimmer\/\"},{\"@type\":\"ListItem\",\"position\":3,\"name\":\"Familienzimmer\"}]},{\"@type\":\"WebSite\",\"@id\":\"https:\/\/koener.excellence-group.lu\/de\/#website\",\"url\":\"https:\/\/koener.excellence-group.lu\/de\/\",\"name\":\"Koener\",\"description\":\"Just another ms.decms.eu site\",\"potentialAction\":[{\"@type\":\"SearchAction\",\"target\":{\"@type\":\"EntryPoint\",\"urlTemplate\":\"https:\/\/koener.excellence-group.lu\/de\/?s={search_term_string}\"},\"query-input\":{\"@type\":\"PropertyValueSpecification\",\"valueRequired\":true,\"valueName\":\"search_term_string\"}}],\"inLanguage\":\"de-DE\"}]}<\/script>\n<!-- \/ Yoast SEO plugin. -->","yoast_head_json":{"title":"Chambre Familiale \/ H\u00f4tel Koener \/ Clervaux","description":"D\u00e9couvrez la chambre familiale de l'h\u00f4tel Koener \u00e0 Clervaux, un h\u00f4tel 4 \u00e9toiles avec spa inclus dans le Nord du Luxembourg.","robots":{"index":"index","follow":"follow","max-snippet":"max-snippet:-1","max-image-preview":"max-image-preview:large","max-video-preview":"max-video-preview:-1"},"canonical":"https:\/\/koener.excellence-group.lu\/de\/zimmer\/chambre-familiale-clervaux\/","og_locale":"de_DE","og_type":"article","og_title":"Chambre Familiale \/ H\u00f4tel Koener \/ Clervaux","og_description":"D\u00e9couvrez la chambre familiale de l'h\u00f4tel Koener \u00e0 Clervaux, un h\u00f4tel 4 \u00e9toiles avec spa inclus dans le Nord du Luxembourg.","og_url":"https:\/\/koener.excellence-group.lu\/de\/zimmer\/chambre-familiale-clervaux\/","og_site_name":"Koener","article_modified_time":"2026-02-13T13:29:25+00:00","og_image":[{"width":1024,"height":683,"url":"https:\/\/koener.excellence-group.lu\/wp-content\/uploads\/sites\/391\/2026\/02\/chambre-familiale-clervaux-luxembourg-hotel-koener-5-1024x683.png","type":"image\/png"}],"twitter_card":"summary_large_image","twitter_misc":{"Gesch\u00e4tzte Lesezeit":"2 Minuten"},"schema":{"@context":"https:\/\/schema.org","@graph":[{"@type":"WebPage","@id":"https:\/\/koener.excellence-group.lu\/de\/zimmer\/chambre-familiale-clervaux\/","url":"https:\/\/koener.excellence-group.lu\/de\/zimmer\/chambre-familiale-clervaux\/","name":"Chambre Familiale \/ H\u00f4tel Koener \/ Clervaux","isPartOf":{"@id":"https:\/\/koener.excellence-group.lu\/de\/#website"},"primaryImageOfPage":{"@id":"https:\/\/koener.excellence-group.lu\/de\/zimmer\/chambre-familiale-clervaux\/#primaryimage"},"image":{"@id":"https:\/\/koener.excellence-group.lu\/de\/zimmer\/chambre-familiale-clervaux\/#primaryimage"},"thumbnailUrl":"https:\/\/koener.excellence-group.lu\/wp-content\/uploads\/sites\/391\/2026\/02\/chambre-familiale-clervaux-luxembourg-hotel-koener-5.png","datePublished":"2026-02-13T11:59:45+00:00","dateModified":"2026-02-13T13:29:25+00:00","description":"D\u00e9couvrez la chambre familiale de l'h\u00f4tel Koener \u00e0 Clervaux, un h\u00f4tel 4 \u00e9toiles avec spa inclus dans le Nord du Luxembourg.","breadcrumb":{"@id":"https:\/\/koener.excellence-group.lu\/de\/zimmer\/chambre-familiale-clervaux\/#breadcrumb"},"inLanguage":"de-DE","potentialAction":[{"@type":"ReadAction","target":["https:\/\/koener.excellence-group.lu\/de\/zimmer\/chambre-familiale-clervaux\/"]}]},{"@type":"ImageObject","inLanguage":"de-DE","@id":"https:\/\/koener.excellence-group.lu\/de\/zimmer\/chambre-familiale-clervaux\/#primaryimage","url":"https:\/\/koener.excellence-group.lu\/wp-content\/uploads\/sites\/391\/2026\/02\/chambre-familiale-clervaux-luxembourg-hotel-koener-5.png","contentUrl":"https:\/\/koener.excellence-group.lu\/wp-content\/uploads\/sites\/391\/2026\/02\/chambre-familiale-clervaux-luxembourg-hotel-koener-5.png","width":1536,"height":1024},{"@type":"BreadcrumbList","@id":"https:\/\/koener.excellence-group.lu\/de\/zimmer\/chambre-familiale-clervaux\/#breadcrumb","itemListElement":[{"@type":"ListItem","position":1,"name":"Home","item":"https:\/\/koener.excellence-group.lu\/de\/"},{"@type":"ListItem","position":2,"name":"Chambres &amp; Suites","item":"https:\/\/koener.excellence-group.lu\/de\/zimmer\/"},{"@type":"ListItem","position":3,"name":"Familienzimmer"}]},{"@type":"WebSite","@id":"https:\/\/koener.excellence-group.lu\/de\/#website","url":"https:\/\/koener.excellence-group.lu\/de\/","name":"Koener","description":"Just another ms.decms.eu site","potentialAction":[{"@type":"SearchAction","target":{"@type":"EntryPoint","urlTemplate":"https:\/\/koener.excellence-group.lu\/de\/?s={search_term_string}"},"query-input":{"@type":"PropertyValueSpecification","valueRequired":true,"valueName":"search_term_string"}}],"inLanguage":"de-DE"}]}},"acf":[],"_links":{"self":[{"href":"https:\/\/koener.excellence-group.lu\/de\/wp-json\/wp\/v2\/pages\/1475","targetHints":{"allow":["GET"]}}],"collection":[{"href":"https:\/\/koener.excellence-group.lu\/de\/wp-json\/wp\/v2\/pages"}],"about":[{"href":"https:\/\/koener.excellence-group.lu\/de\/wp-json\/wp\/v2\/types\/page"}],"author":[{"embeddable":true,"href":"https:\/\/koener.excellence-group.lu\/de\/wp-json\/wp\/v2\/users\/399"}],"replies":[{"embeddable":true,"href":"https:\/\/koener.excellence-group.lu\/de\/wp-json\/wp\/v2\/comments?post=1475"}],"version-history":[{"count":0,"href":"https:\/\/koener.excellence-group.lu\/de\/wp-json\/wp\/v2\/pages\/1475\/revisions"}],"up":[{"embeddable":true,"href":"https:\/\/koener.excellence-group.lu\/de\/wp-json\/wp\/v2\/pages\/211"}],"wp:featuredmedia":[{"embeddable":true,"href":"https:\/\/koener.excellence-group.lu\/de\/wp-json\/wp\/v2\/media\/1458"}],"wp:attachment":[{"href":"https:\/\/koener.excellence-group.lu\/de\/wp-json\/wp\/v2\/media?parent=1475"}],"curies":[{"name":"wp","href":"https:\/\/api.w.org\/{rel}","templated":true}]}}