{"id":181,"date":"2021-03-29T17:52:38","date_gmt":"2021-03-29T17:52:38","guid":{"rendered":"https:\/\/koener.ms.decms.eu\/koener-hotel\/"},"modified":"2026-01-09T11:27:02","modified_gmt":"2026-01-09T11:27:02","slug":"koener-hotel","status":"publish","type":"page","link":"https:\/\/koener.excellence-group.lu\/de\/","title":{"rendered":"Koener Hotel**** &amp; Spa"},"content":{"rendered":"<p>Willkommen im <strong>Hotel Koener<\/strong>, einem 4-Sterne-Hotel, das sich im historischen Herzen von Clervaux im Norden Luxemburgs befindet. Seit seinen bescheidenen Anf\u00e4ngen in den 1880er Jahren hat sich unser Haus zu einer wahren Ikone der luxemburgischen Gastfreundschaft entwickelt. Mit seinen 90 sorgf\u00e4ltig gestalteten Zimmern und Suiten bietet das Hotel Koener eine elegante und komfortable Unterkunft, die von zeitlosem Charme durchdrungen ist.<\/p>\n<p><em><span class=\"x1xsqp64 xiy17q3 x1o6pynw x19co3pv xdj266r xcwd3tp xat24cr x39eecv x2b8uid\" data-testid=\"emoji\"><span class=\"xexx8yu xn5pp95 x18d9i69 x2fxd7x x3jgonx x1bhl96m\">\ud83c\udf81 <\/span><\/span>Zugang zum <strong>SPA wellness GRATIS<\/strong>, wenn Sie Ihren Aufenthalt direkt <a href=\"https:\/\/www.secure-hotel-booking.com\/Hotel-Koener\/JRFB\/de-DE\">\u00fcber unsere Website buchen!<\/a><\/em><\/p>\n<p>Mit seiner Kombination aus Authentizit\u00e4t und Komfort eignet sich das Hotel Koener f\u00fcr Ausfl\u00fcge zu zweit, mit der Familie oder mit Freunden, um die charmante Region Clervaux im Norden Luxemburgs zu entdecken.<\/p>\n<p>&nbsp;<br \/>\n&nbsp;<\/p>\n","protected":false},"excerpt":{"rendered":"<p>Willkommen im Hotel Koener, einem 4-Sterne-Hotel, das sich im historischen Herzen von Clervaux im Norden Luxemburgs befindet. Seit seinen bescheidenen Anf\u00e4ngen in den 1880er Jahren hat sich unser Haus zu einer wahren Ikone der luxemburgischen Gastfreundschaft entwickelt. Mit seinen 90 sorgf\u00e4ltig gestalteten Zimmern und Suiten bietet das Hotel Koener eine elegante und komfortable Unterkunft, die [&hellip;]<\/p>\n","protected":false},"author":60,"featured_media":858,"parent":0,"menu_order":0,"comment_status":"closed","ping_status":"closed","template":"","meta":{"footnotes":""},"class_list":["post-181","page","type-page","status-publish","has-post-thumbnail","hentry"],"yoast_head":"<!-- This site is optimized with the Yoast SEO plugin v26.9 - https:\/\/yoast.com\/product\/yoast-seo-wordpress\/ -->\n<title>Koener Hotel**** &amp; Spa<\/title>\n<meta name=\"description\" content=\"Entdecken Sie das Spa-Hotel Koener mit seinen 90 Zimmern, seinem Wellnessbereich und seinen Seminarr\u00e4umen in Clervaux (Nordluxemburg)\" \/>\n<meta name=\"robots\" content=\"index, follow, max-snippet:-1, max-image-preview:large, max-video-preview:-1\" \/>\n<link rel=\"canonical\" href=\"https:\/\/koener.excellence-group.lu\/de\/\" \/>\n<meta property=\"og:locale\" content=\"de_DE\" \/>\n<meta property=\"og:type\" content=\"article\" \/>\n<meta property=\"og:title\" content=\"Koener Hotel**** &amp; Spa\" \/>\n<meta property=\"og:description\" content=\"Entdecken Sie das Spa-Hotel Koener mit seinen 90 Zimmern, seinem Wellnessbereich und seinen Seminarr\u00e4umen in Clervaux (Nordluxemburg)\" \/>\n<meta property=\"og:url\" content=\"https:\/\/koener.excellence-group.lu\/de\/\" \/>\n<meta property=\"og:site_name\" content=\"Koener\" \/>\n<meta property=\"article:modified_time\" content=\"2026-01-09T11:27:02+00:00\" \/>\n<meta property=\"og:image\" content=\"https:\/\/koener.excellence-group.lu\/wp-content\/uploads\/sites\/391\/2024\/05\/hotel-koener-clervaux.jpg\" \/>\n\t<meta property=\"og:image:width\" content=\"2200\" \/>\n\t<meta property=\"og:image:height\" content=\"1650\" \/>\n\t<meta property=\"og:image:type\" content=\"image\/jpeg\" \/>\n<meta name=\"twitter:card\" content=\"summary_large_image\" \/>\n<meta name=\"twitter:label1\" content=\"Gesch\u00e4tzte Lesezeit\" \/>\n\t<meta name=\"twitter:data1\" content=\"1 Minute\" \/>\n<script type=\"application\/ld+json\" class=\"yoast-schema-graph\">{\"@context\":\"https:\/\/schema.org\",\"@graph\":[{\"@type\":\"WebPage\",\"@id\":\"https:\/\/koener.excellence-group.lu\/de\/\",\"url\":\"https:\/\/koener.excellence-group.lu\/de\/\",\"name\":\"Koener Hotel**** &amp; Spa\",\"isPartOf\":{\"@id\":\"https:\/\/koener.excellence-group.lu\/de\/#website\"},\"primaryImageOfPage\":{\"@id\":\"https:\/\/koener.excellence-group.lu\/de\/#primaryimage\"},\"image\":{\"@id\":\"https:\/\/koener.excellence-group.lu\/de\/#primaryimage\"},\"thumbnailUrl\":\"https:\/\/koener.excellence-group.lu\/wp-content\/uploads\/sites\/391\/2024\/05\/hotel-koener-clervaux.jpg\",\"datePublished\":\"2021-03-29T17:52:38+00:00\",\"dateModified\":\"2026-01-09T11:27:02+00:00\",\"description\":\"Entdecken Sie das Spa-Hotel Koener mit seinen 90 Zimmern, seinem Wellnessbereich und seinen Seminarr\u00e4umen in Clervaux (Nordluxemburg)\",\"breadcrumb\":{\"@id\":\"https:\/\/koener.excellence-group.lu\/de\/#breadcrumb\"},\"inLanguage\":\"de-DE\",\"potentialAction\":[{\"@type\":\"ReadAction\",\"target\":[\"https:\/\/koener.excellence-group.lu\/de\/\"]}]},{\"@type\":\"ImageObject\",\"inLanguage\":\"de-DE\",\"@id\":\"https:\/\/koener.excellence-group.lu\/de\/#primaryimage\",\"url\":\"https:\/\/koener.excellence-group.lu\/wp-content\/uploads\/sites\/391\/2024\/05\/hotel-koener-clervaux.jpg\",\"contentUrl\":\"https:\/\/koener.excellence-group.lu\/wp-content\/uploads\/sites\/391\/2024\/05\/hotel-koener-clervaux.jpg\",\"width\":2200,\"height\":1650,\"caption\":\"Hotel Koener avec spa wellness \u00e0 Clervaux dans le Nord du Luxembourg\"},{\"@type\":\"BreadcrumbList\",\"@id\":\"https:\/\/koener.excellence-group.lu\/de\/#breadcrumb\",\"itemListElement\":[{\"@type\":\"ListItem\",\"position\":1,\"name\":\"Home\",\"item\":\"https:\/\/koener.excellence-group.lu\/de\/\"},{\"@type\":\"ListItem\",\"position\":2,\"name\":\"Koener Hotel**** &amp; Spa\"}]},{\"@type\":\"WebSite\",\"@id\":\"https:\/\/koener.excellence-group.lu\/de\/#website\",\"url\":\"https:\/\/koener.excellence-group.lu\/de\/\",\"name\":\"Koener\",\"description\":\"Just another ms.decms.eu site\",\"potentialAction\":[{\"@type\":\"SearchAction\",\"target\":{\"@type\":\"EntryPoint\",\"urlTemplate\":\"https:\/\/koener.excellence-group.lu\/de\/?s={search_term_string}\"},\"query-input\":{\"@type\":\"PropertyValueSpecification\",\"valueRequired\":true,\"valueName\":\"search_term_string\"}}],\"inLanguage\":\"de-DE\"}]}<\/script>\n<!-- \/ Yoast SEO plugin. -->","yoast_head_json":{"title":"Koener Hotel**** &amp; Spa","description":"Entdecken Sie das Spa-Hotel Koener mit seinen 90 Zimmern, seinem Wellnessbereich und seinen Seminarr\u00e4umen in Clervaux (Nordluxemburg)","robots":{"index":"index","follow":"follow","max-snippet":"max-snippet:-1","max-image-preview":"max-image-preview:large","max-video-preview":"max-video-preview:-1"},"canonical":"https:\/\/koener.excellence-group.lu\/de\/","og_locale":"de_DE","og_type":"article","og_title":"Koener Hotel**** &amp; Spa","og_description":"Entdecken Sie das Spa-Hotel Koener mit seinen 90 Zimmern, seinem Wellnessbereich und seinen Seminarr\u00e4umen in Clervaux (Nordluxemburg)","og_url":"https:\/\/koener.excellence-group.lu\/de\/","og_site_name":"Koener","article_modified_time":"2026-01-09T11:27:02+00:00","og_image":[{"width":2200,"height":1650,"url":"https:\/\/koener.excellence-group.lu\/wp-content\/uploads\/sites\/391\/2024\/05\/hotel-koener-clervaux.jpg","type":"image\/jpeg"}],"twitter_card":"summary_large_image","twitter_misc":{"Gesch\u00e4tzte Lesezeit":"1 Minute"},"schema":{"@context":"https:\/\/schema.org","@graph":[{"@type":"WebPage","@id":"https:\/\/koener.excellence-group.lu\/de\/","url":"https:\/\/koener.excellence-group.lu\/de\/","name":"Koener Hotel**** &amp; Spa","isPartOf":{"@id":"https:\/\/koener.excellence-group.lu\/de\/#website"},"primaryImageOfPage":{"@id":"https:\/\/koener.excellence-group.lu\/de\/#primaryimage"},"image":{"@id":"https:\/\/koener.excellence-group.lu\/de\/#primaryimage"},"thumbnailUrl":"https:\/\/koener.excellence-group.lu\/wp-content\/uploads\/sites\/391\/2024\/05\/hotel-koener-clervaux.jpg","datePublished":"2021-03-29T17:52:38+00:00","dateModified":"2026-01-09T11:27:02+00:00","description":"Entdecken Sie das Spa-Hotel Koener mit seinen 90 Zimmern, seinem Wellnessbereich und seinen Seminarr\u00e4umen in Clervaux (Nordluxemburg)","breadcrumb":{"@id":"https:\/\/koener.excellence-group.lu\/de\/#breadcrumb"},"inLanguage":"de-DE","potentialAction":[{"@type":"ReadAction","target":["https:\/\/koener.excellence-group.lu\/de\/"]}]},{"@type":"ImageObject","inLanguage":"de-DE","@id":"https:\/\/koener.excellence-group.lu\/de\/#primaryimage","url":"https:\/\/koener.excellence-group.lu\/wp-content\/uploads\/sites\/391\/2024\/05\/hotel-koener-clervaux.jpg","contentUrl":"https:\/\/koener.excellence-group.lu\/wp-content\/uploads\/sites\/391\/2024\/05\/hotel-koener-clervaux.jpg","width":2200,"height":1650,"caption":"Hotel Koener avec spa wellness \u00e0 Clervaux dans le Nord du Luxembourg"},{"@type":"BreadcrumbList","@id":"https:\/\/koener.excellence-group.lu\/de\/#breadcrumb","itemListElement":[{"@type":"ListItem","position":1,"name":"Home","item":"https:\/\/koener.excellence-group.lu\/de\/"},{"@type":"ListItem","position":2,"name":"Koener Hotel**** &amp; Spa"}]},{"@type":"WebSite","@id":"https:\/\/koener.excellence-group.lu\/de\/#website","url":"https:\/\/koener.excellence-group.lu\/de\/","name":"Koener","description":"Just another ms.decms.eu site","potentialAction":[{"@type":"SearchAction","target":{"@type":"EntryPoint","urlTemplate":"https:\/\/koener.excellence-group.lu\/de\/?s={search_term_string}"},"query-input":{"@type":"PropertyValueSpecification","valueRequired":true,"valueName":"search_term_string"}}],"inLanguage":"de-DE"}]}},"acf":[],"_links":{"self":[{"href":"https:\/\/koener.excellence-group.lu\/de\/wp-json\/wp\/v2\/pages\/181","targetHints":{"allow":["GET"]}}],"collection":[{"href":"https:\/\/koener.excellence-group.lu\/de\/wp-json\/wp\/v2\/pages"}],"about":[{"href":"https:\/\/koener.excellence-group.lu\/de\/wp-json\/wp\/v2\/types\/page"}],"author":[{"embeddable":true,"href":"https:\/\/koener.excellence-group.lu\/de\/wp-json\/wp\/v2\/users\/60"}],"replies":[{"embeddable":true,"href":"https:\/\/koener.excellence-group.lu\/de\/wp-json\/wp\/v2\/comments?post=181"}],"version-history":[{"count":0,"href":"https:\/\/koener.excellence-group.lu\/de\/wp-json\/wp\/v2\/pages\/181\/revisions"}],"wp:featuredmedia":[{"embeddable":true,"href":"https:\/\/koener.excellence-group.lu\/de\/wp-json\/wp\/v2\/media\/858"}],"wp:attachment":[{"href":"https:\/\/koener.excellence-group.lu\/de\/wp-json\/wp\/v2\/media?parent=181"}],"curies":[{"name":"wp","href":"https:\/\/api.w.org\/{rel}","templated":true}]}}