{"id":190,"date":"2021-03-29T19:42:20","date_gmt":"2021-03-29T19:42:20","guid":{"rendered":"https:\/\/koener.ms.decms.eu\/0ffres\/"},"modified":"2024-07-24T14:55:02","modified_gmt":"2024-07-24T14:55:02","slug":"angebote","status":"publish","type":"page","link":"https:\/\/koener.excellence-group.lu\/de\/angebote\/","title":{"rendered":"Angebote"},"content":{"rendered":"<p>Entdecken Sie unsere Sonderangebote und lassen Sie sich von einem Ausflug in das Hotel Koener verf\u00fchren, wo Raffinesse auf Entspannung trifft. Genie\u00dfen Sie unser wundersch\u00f6nes <strong>Cinq Mondes SPA<\/strong> und lassen Sie sich in unseren <strong>Restaurants<\/strong> von der exquisiten K\u00fcche verw\u00f6hnen, w\u00e4hrend Sie von unseren Paketangeboten profitieren, die entwickelt wurden, um Ihnen ein unvergessliches Erlebnis w\u00e4hrend Ihres Aufenthalts in Clervaux zu bieten.<\/p>\n<p>\ud83c\udf81 <em>Wenn Sie <a href=\"https:\/\/www.secure-hotel-booking.com\/Hotel-Koener\/JRFB\/de-DE\">direkt \u00fcber unsere Website buchen<\/a>, wird Ihnen der <strong>Zugang zum Cinq Mondes SPA<\/strong> w\u00e4hrend Ihres gesamten Aufenthalts <strong>GESCHENKT.<\/strong><\/em><\/p>\n<p>&nbsp;<\/p>\n<p>&nbsp;<\/p>\n","protected":false},"excerpt":{"rendered":"<p>Entdecken Sie unsere Sonderangebote und lassen Sie sich von einem Ausflug in das Hotel Koener verf\u00fchren, wo Raffinesse auf Entspannung trifft. Genie\u00dfen Sie unser wundersch\u00f6nes Cinq Mondes SPA und lassen Sie sich in unseren Restaurants von der exquisiten K\u00fcche verw\u00f6hnen, w\u00e4hrend Sie von unseren Paketangeboten profitieren, die entwickelt wurden, um Ihnen ein unvergessliches Erlebnis w\u00e4hrend [&hellip;]<\/p>\n","protected":false},"author":5,"featured_media":0,"parent":0,"menu_order":0,"comment_status":"closed","ping_status":"closed","template":"template-offers.php","meta":{"footnotes":""},"class_list":["post-190","page","type-page","status-publish","hentry"],"yoast_head":"<!-- This site is optimized with the Yoast SEO plugin v26.9 - https:\/\/yoast.com\/product\/yoast-seo-wordpress\/ -->\n<title>Angebote - Koener<\/title>\n<meta name=\"description\" content=\"Entdecken Sie die Sonderangebote des Koener Hotels, einem 4-Sterne-Spa-Hotel in Clervaux im Norden von Luxemburg.\" \/>\n<meta name=\"robots\" content=\"index, follow, max-snippet:-1, max-image-preview:large, max-video-preview:-1\" \/>\n<link rel=\"canonical\" href=\"https:\/\/koener.excellence-group.lu\/de\/angebote\/\" \/>\n<meta property=\"og:locale\" content=\"de_DE\" \/>\n<meta property=\"og:type\" content=\"article\" \/>\n<meta property=\"og:title\" content=\"Angebote - Koener\" \/>\n<meta property=\"og:description\" content=\"Entdecken Sie die Sonderangebote des Koener Hotels, einem 4-Sterne-Spa-Hotel in Clervaux im Norden von Luxemburg.\" \/>\n<meta property=\"og:url\" content=\"https:\/\/koener.excellence-group.lu\/de\/angebote\/\" \/>\n<meta property=\"og:site_name\" content=\"Koener\" \/>\n<meta property=\"article:modified_time\" content=\"2024-07-24T14:55:02+00:00\" \/>\n<meta name=\"twitter:card\" content=\"summary_large_image\" \/>\n<meta name=\"twitter:label1\" content=\"Gesch\u00e4tzte Lesezeit\" \/>\n\t<meta name=\"twitter:data1\" content=\"1 Minute\" \/>\n<script type=\"application\/ld+json\" class=\"yoast-schema-graph\">{\"@context\":\"https:\/\/schema.org\",\"@graph\":[{\"@type\":\"WebPage\",\"@id\":\"https:\/\/koener.excellence-group.lu\/de\/angebote\/\",\"url\":\"https:\/\/koener.excellence-group.lu\/de\/angebote\/\",\"name\":\"Angebote - Koener\",\"isPartOf\":{\"@id\":\"https:\/\/koener.excellence-group.lu\/de\/#website\"},\"datePublished\":\"2021-03-29T19:42:20+00:00\",\"dateModified\":\"2024-07-24T14:55:02+00:00\",\"description\":\"Entdecken Sie die Sonderangebote des Koener Hotels, einem 4-Sterne-Spa-Hotel in Clervaux im Norden von Luxemburg.\",\"breadcrumb\":{\"@id\":\"https:\/\/koener.excellence-group.lu\/de\/angebote\/#breadcrumb\"},\"inLanguage\":\"de-DE\",\"potentialAction\":[{\"@type\":\"ReadAction\",\"target\":[\"https:\/\/koener.excellence-group.lu\/de\/angebote\/\"]}]},{\"@type\":\"BreadcrumbList\",\"@id\":\"https:\/\/koener.excellence-group.lu\/de\/angebote\/#breadcrumb\",\"itemListElement\":[{\"@type\":\"ListItem\",\"position\":1,\"name\":\"Home\",\"item\":\"https:\/\/koener.excellence-group.lu\/de\/\"},{\"@type\":\"ListItem\",\"position\":2,\"name\":\"Angebote\"}]},{\"@type\":\"WebSite\",\"@id\":\"https:\/\/koener.excellence-group.lu\/de\/#website\",\"url\":\"https:\/\/koener.excellence-group.lu\/de\/\",\"name\":\"Koener\",\"description\":\"Just another ms.decms.eu site\",\"potentialAction\":[{\"@type\":\"SearchAction\",\"target\":{\"@type\":\"EntryPoint\",\"urlTemplate\":\"https:\/\/koener.excellence-group.lu\/de\/?s={search_term_string}\"},\"query-input\":{\"@type\":\"PropertyValueSpecification\",\"valueRequired\":true,\"valueName\":\"search_term_string\"}}],\"inLanguage\":\"de-DE\"}]}<\/script>\n<!-- \/ Yoast SEO plugin. -->","yoast_head_json":{"title":"Angebote - Koener","description":"Entdecken Sie die Sonderangebote des Koener Hotels, einem 4-Sterne-Spa-Hotel in Clervaux im Norden von Luxemburg.","robots":{"index":"index","follow":"follow","max-snippet":"max-snippet:-1","max-image-preview":"max-image-preview:large","max-video-preview":"max-video-preview:-1"},"canonical":"https:\/\/koener.excellence-group.lu\/de\/angebote\/","og_locale":"de_DE","og_type":"article","og_title":"Angebote - Koener","og_description":"Entdecken Sie die Sonderangebote des Koener Hotels, einem 4-Sterne-Spa-Hotel in Clervaux im Norden von Luxemburg.","og_url":"https:\/\/koener.excellence-group.lu\/de\/angebote\/","og_site_name":"Koener","article_modified_time":"2024-07-24T14:55:02+00:00","twitter_card":"summary_large_image","twitter_misc":{"Gesch\u00e4tzte Lesezeit":"1 Minute"},"schema":{"@context":"https:\/\/schema.org","@graph":[{"@type":"WebPage","@id":"https:\/\/koener.excellence-group.lu\/de\/angebote\/","url":"https:\/\/koener.excellence-group.lu\/de\/angebote\/","name":"Angebote - Koener","isPartOf":{"@id":"https:\/\/koener.excellence-group.lu\/de\/#website"},"datePublished":"2021-03-29T19:42:20+00:00","dateModified":"2024-07-24T14:55:02+00:00","description":"Entdecken Sie die Sonderangebote des Koener Hotels, einem 4-Sterne-Spa-Hotel in Clervaux im Norden von Luxemburg.","breadcrumb":{"@id":"https:\/\/koener.excellence-group.lu\/de\/angebote\/#breadcrumb"},"inLanguage":"de-DE","potentialAction":[{"@type":"ReadAction","target":["https:\/\/koener.excellence-group.lu\/de\/angebote\/"]}]},{"@type":"BreadcrumbList","@id":"https:\/\/koener.excellence-group.lu\/de\/angebote\/#breadcrumb","itemListElement":[{"@type":"ListItem","position":1,"name":"Home","item":"https:\/\/koener.excellence-group.lu\/de\/"},{"@type":"ListItem","position":2,"name":"Angebote"}]},{"@type":"WebSite","@id":"https:\/\/koener.excellence-group.lu\/de\/#website","url":"https:\/\/koener.excellence-group.lu\/de\/","name":"Koener","description":"Just another ms.decms.eu site","potentialAction":[{"@type":"SearchAction","target":{"@type":"EntryPoint","urlTemplate":"https:\/\/koener.excellence-group.lu\/de\/?s={search_term_string}"},"query-input":{"@type":"PropertyValueSpecification","valueRequired":true,"valueName":"search_term_string"}}],"inLanguage":"de-DE"}]}},"acf":[],"_links":{"self":[{"href":"https:\/\/koener.excellence-group.lu\/de\/wp-json\/wp\/v2\/pages\/190","targetHints":{"allow":["GET"]}}],"collection":[{"href":"https:\/\/koener.excellence-group.lu\/de\/wp-json\/wp\/v2\/pages"}],"about":[{"href":"https:\/\/koener.excellence-group.lu\/de\/wp-json\/wp\/v2\/types\/page"}],"author":[{"embeddable":true,"href":"https:\/\/koener.excellence-group.lu\/de\/wp-json\/wp\/v2\/users\/5"}],"replies":[{"embeddable":true,"href":"https:\/\/koener.excellence-group.lu\/de\/wp-json\/wp\/v2\/comments?post=190"}],"version-history":[{"count":0,"href":"https:\/\/koener.excellence-group.lu\/de\/wp-json\/wp\/v2\/pages\/190\/revisions"}],"wp:attachment":[{"href":"https:\/\/koener.excellence-group.lu\/de\/wp-json\/wp\/v2\/media?parent=190"}],"curies":[{"name":"wp","href":"https:\/\/api.w.org\/{rel}","templated":true}]}}