{"id":219,"date":"2021-03-29T19:38:03","date_gmt":"2021-03-29T19:38:03","guid":{"rendered":"https:\/\/koener.ms.decms.eu\/zimmer\/chambre-confort\/"},"modified":"2024-05-17T14:53:20","modified_gmt":"2024-05-17T14:53:20","slug":"chambre-confort","status":"publish","type":"page","link":"https:\/\/koener.excellence-group.lu\/de\/zimmer\/chambre-confort\/","title":{"rendered":"Komfort-Zimmer"},"content":{"rendered":"<p>Unsere Komfortzimmer bieten eine klassische und funktionale Unterkunft f\u00fcr zwei Personen, ideal f\u00fcr einen praktischen und angenehmen Aufenthalt im Herzen von Clervaux.<\/p>\n<p>Jedes Zimmer ist mit einem bequemen Bett, einem Tisch und Sesseln ausgestattet und schafft so einen einladenden Raum zum Entspannen oder Arbeiten. F\u00fcr Ihren Komfort sorgen au\u00dferdem ein Fernseher, eine Minibar, ein Telefon, ein Haartrockner und ein Safe. Das Badezimmer, das je nach Wunsch mit einer Dusche oder einer Badewanne ausgestattet ist (bitte bei der Online-Buchung \u00fcber das Feld \u201eSonderwunsch\u201c angeben), ist mit allen notwendigen Elementen, einschlie\u00dflich Badem\u00e4nteln, ausgestattet.<\/p>\n<p>Der Stil der Zimmer spiegelt den historischen Charakter unseres Hotels mit einem Hauch von altem Holz wider und verbindet traditionellen Charme mit modernem Design. Au\u00dferdem steht Ihnen ein kostenloser WLAN-Zugang zur Verf\u00fcgung, damit Sie w\u00e4hrend Ihres Aufenthalts in Verbindung bleiben k\u00f6nnen.<\/p>\n<p><em>Hinweis: Der Zugang zum <a href=\"https:\/\/excellence-group.lu\/spa\">SPA Cinq Mondes<\/a> des Hotels ist systematisch inbegriffen, wenn Sie in einem Komfortzimmer \u00fcbernachten.<\/em><\/p>\n","protected":false},"excerpt":{"rendered":"<p>Unsere Komfortzimmer bieten eine klassische und funktionale Unterkunft f\u00fcr zwei Personen, ideal f\u00fcr einen praktischen und angenehmen Aufenthalt im Herzen von Clervaux. Jedes Zimmer ist mit einem bequemen Bett, einem Tisch und Sesseln ausgestattet und schafft so einen einladenden Raum zum Entspannen oder Arbeiten. F\u00fcr Ihren Komfort sorgen au\u00dferdem ein Fernseher, eine Minibar, ein Telefon, [&hellip;]<\/p>\n","protected":false},"author":5,"featured_media":1085,"parent":211,"menu_order":0,"comment_status":"closed","ping_status":"closed","template":"template-single-room.php","meta":{"footnotes":""},"class_list":["post-219","page","type-page","status-publish","has-post-thumbnail","hentry"],"yoast_head":"<!-- This site is optimized with the Yoast SEO plugin v26.9 - https:\/\/yoast.com\/product\/yoast-seo-wordpress\/ -->\n<title>Komfort-Zimmer - Koener Hotel<\/title>\n<meta name=\"description\" content=\"Entdecken Sie das Komfortzimmer im Hotel Koener in Clervaux, einem 4-Sterne-Hotel mit Spa inklusive im Norden von Luxemburg.\" \/>\n<meta name=\"robots\" content=\"index, follow, max-snippet:-1, max-image-preview:large, max-video-preview:-1\" \/>\n<link rel=\"canonical\" href=\"https:\/\/koener.excellence-group.lu\/de\/zimmer\/chambre-confort\/\" \/>\n<meta property=\"og:locale\" content=\"de_DE\" \/>\n<meta property=\"og:type\" content=\"article\" \/>\n<meta property=\"og:title\" content=\"Komfort-Zimmer - Koener Hotel\" \/>\n<meta property=\"og:description\" content=\"Entdecken Sie das Komfortzimmer im Hotel Koener in Clervaux, einem 4-Sterne-Hotel mit Spa inklusive im Norden von Luxemburg.\" \/>\n<meta property=\"og:url\" content=\"https:\/\/koener.excellence-group.lu\/de\/zimmer\/chambre-confort\/\" \/>\n<meta property=\"og:site_name\" content=\"Koener\" \/>\n<meta property=\"article:modified_time\" content=\"2024-05-17T14:53:20+00:00\" \/>\n<meta property=\"og:image\" content=\"https:\/\/koener.excellence-group.lu\/wp-content\/uploads\/sites\/391\/2024\/05\/chambre-confort-koener-hotel-clervaux_hdef_1-scaled.jpg\" \/>\n\t<meta property=\"og:image:width\" content=\"2560\" \/>\n\t<meta property=\"og:image:height\" content=\"1707\" \/>\n\t<meta property=\"og:image:type\" content=\"image\/jpeg\" \/>\n<meta name=\"twitter:card\" content=\"summary_large_image\" \/>\n<meta name=\"twitter:label1\" content=\"Gesch\u00e4tzte Lesezeit\" \/>\n\t<meta name=\"twitter:data1\" content=\"1 Minute\" \/>\n<script type=\"application\/ld+json\" class=\"yoast-schema-graph\">{\"@context\":\"https:\/\/schema.org\",\"@graph\":[{\"@type\":\"WebPage\",\"@id\":\"https:\/\/koener.excellence-group.lu\/de\/zimmer\/chambre-confort\/\",\"url\":\"https:\/\/koener.excellence-group.lu\/de\/zimmer\/chambre-confort\/\",\"name\":\"Komfort-Zimmer - Koener Hotel\",\"isPartOf\":{\"@id\":\"https:\/\/koener.excellence-group.lu\/de\/#website\"},\"primaryImageOfPage\":{\"@id\":\"https:\/\/koener.excellence-group.lu\/de\/zimmer\/chambre-confort\/#primaryimage\"},\"image\":{\"@id\":\"https:\/\/koener.excellence-group.lu\/de\/zimmer\/chambre-confort\/#primaryimage\"},\"thumbnailUrl\":\"https:\/\/koener.excellence-group.lu\/wp-content\/uploads\/sites\/391\/2024\/05\/chambre-confort-koener-hotel-clervaux_hdef_1-scaled.jpg\",\"datePublished\":\"2021-03-29T19:38:03+00:00\",\"dateModified\":\"2024-05-17T14:53:20+00:00\",\"description\":\"Entdecken Sie das Komfortzimmer im Hotel Koener in Clervaux, einem 4-Sterne-Hotel mit Spa inklusive im Norden von Luxemburg.\",\"breadcrumb\":{\"@id\":\"https:\/\/koener.excellence-group.lu\/de\/zimmer\/chambre-confort\/#breadcrumb\"},\"inLanguage\":\"de-DE\",\"potentialAction\":[{\"@type\":\"ReadAction\",\"target\":[\"https:\/\/koener.excellence-group.lu\/de\/zimmer\/chambre-confort\/\"]}]},{\"@type\":\"ImageObject\",\"inLanguage\":\"de-DE\",\"@id\":\"https:\/\/koener.excellence-group.lu\/de\/zimmer\/chambre-confort\/#primaryimage\",\"url\":\"https:\/\/koener.excellence-group.lu\/wp-content\/uploads\/sites\/391\/2024\/05\/chambre-confort-koener-hotel-clervaux_hdef_1-scaled.jpg\",\"contentUrl\":\"https:\/\/koener.excellence-group.lu\/wp-content\/uploads\/sites\/391\/2024\/05\/chambre-confort-koener-hotel-clervaux_hdef_1-scaled.jpg\",\"width\":2560,\"height\":1707},{\"@type\":\"BreadcrumbList\",\"@id\":\"https:\/\/koener.excellence-group.lu\/de\/zimmer\/chambre-confort\/#breadcrumb\",\"itemListElement\":[{\"@type\":\"ListItem\",\"position\":1,\"name\":\"Home\",\"item\":\"https:\/\/koener.excellence-group.lu\/de\/\"},{\"@type\":\"ListItem\",\"position\":2,\"name\":\"Chambres &amp; Suites\",\"item\":\"https:\/\/koener.excellence-group.lu\/de\/zimmer\/\"},{\"@type\":\"ListItem\",\"position\":3,\"name\":\"Komfort-Zimmer\"}]},{\"@type\":\"WebSite\",\"@id\":\"https:\/\/koener.excellence-group.lu\/de\/#website\",\"url\":\"https:\/\/koener.excellence-group.lu\/de\/\",\"name\":\"Koener\",\"description\":\"Just another ms.decms.eu site\",\"potentialAction\":[{\"@type\":\"SearchAction\",\"target\":{\"@type\":\"EntryPoint\",\"urlTemplate\":\"https:\/\/koener.excellence-group.lu\/de\/?s={search_term_string}\"},\"query-input\":{\"@type\":\"PropertyValueSpecification\",\"valueRequired\":true,\"valueName\":\"search_term_string\"}}],\"inLanguage\":\"de-DE\"}]}<\/script>\n<!-- \/ Yoast SEO plugin. -->","yoast_head_json":{"title":"Komfort-Zimmer - Koener Hotel","description":"Entdecken Sie das Komfortzimmer im Hotel Koener in Clervaux, einem 4-Sterne-Hotel mit Spa inklusive im Norden von Luxemburg.","robots":{"index":"index","follow":"follow","max-snippet":"max-snippet:-1","max-image-preview":"max-image-preview:large","max-video-preview":"max-video-preview:-1"},"canonical":"https:\/\/koener.excellence-group.lu\/de\/zimmer\/chambre-confort\/","og_locale":"de_DE","og_type":"article","og_title":"Komfort-Zimmer - Koener Hotel","og_description":"Entdecken Sie das Komfortzimmer im Hotel Koener in Clervaux, einem 4-Sterne-Hotel mit Spa inklusive im Norden von Luxemburg.","og_url":"https:\/\/koener.excellence-group.lu\/de\/zimmer\/chambre-confort\/","og_site_name":"Koener","article_modified_time":"2024-05-17T14:53:20+00:00","og_image":[{"width":2560,"height":1707,"url":"https:\/\/koener.excellence-group.lu\/wp-content\/uploads\/sites\/391\/2024\/05\/chambre-confort-koener-hotel-clervaux_hdef_1-scaled.jpg","type":"image\/jpeg"}],"twitter_card":"summary_large_image","twitter_misc":{"Gesch\u00e4tzte Lesezeit":"1 Minute"},"schema":{"@context":"https:\/\/schema.org","@graph":[{"@type":"WebPage","@id":"https:\/\/koener.excellence-group.lu\/de\/zimmer\/chambre-confort\/","url":"https:\/\/koener.excellence-group.lu\/de\/zimmer\/chambre-confort\/","name":"Komfort-Zimmer - Koener Hotel","isPartOf":{"@id":"https:\/\/koener.excellence-group.lu\/de\/#website"},"primaryImageOfPage":{"@id":"https:\/\/koener.excellence-group.lu\/de\/zimmer\/chambre-confort\/#primaryimage"},"image":{"@id":"https:\/\/koener.excellence-group.lu\/de\/zimmer\/chambre-confort\/#primaryimage"},"thumbnailUrl":"https:\/\/koener.excellence-group.lu\/wp-content\/uploads\/sites\/391\/2024\/05\/chambre-confort-koener-hotel-clervaux_hdef_1-scaled.jpg","datePublished":"2021-03-29T19:38:03+00:00","dateModified":"2024-05-17T14:53:20+00:00","description":"Entdecken Sie das Komfortzimmer im Hotel Koener in Clervaux, einem 4-Sterne-Hotel mit Spa inklusive im Norden von Luxemburg.","breadcrumb":{"@id":"https:\/\/koener.excellence-group.lu\/de\/zimmer\/chambre-confort\/#breadcrumb"},"inLanguage":"de-DE","potentialAction":[{"@type":"ReadAction","target":["https:\/\/koener.excellence-group.lu\/de\/zimmer\/chambre-confort\/"]}]},{"@type":"ImageObject","inLanguage":"de-DE","@id":"https:\/\/koener.excellence-group.lu\/de\/zimmer\/chambre-confort\/#primaryimage","url":"https:\/\/koener.excellence-group.lu\/wp-content\/uploads\/sites\/391\/2024\/05\/chambre-confort-koener-hotel-clervaux_hdef_1-scaled.jpg","contentUrl":"https:\/\/koener.excellence-group.lu\/wp-content\/uploads\/sites\/391\/2024\/05\/chambre-confort-koener-hotel-clervaux_hdef_1-scaled.jpg","width":2560,"height":1707},{"@type":"BreadcrumbList","@id":"https:\/\/koener.excellence-group.lu\/de\/zimmer\/chambre-confort\/#breadcrumb","itemListElement":[{"@type":"ListItem","position":1,"name":"Home","item":"https:\/\/koener.excellence-group.lu\/de\/"},{"@type":"ListItem","position":2,"name":"Chambres &amp; Suites","item":"https:\/\/koener.excellence-group.lu\/de\/zimmer\/"},{"@type":"ListItem","position":3,"name":"Komfort-Zimmer"}]},{"@type":"WebSite","@id":"https:\/\/koener.excellence-group.lu\/de\/#website","url":"https:\/\/koener.excellence-group.lu\/de\/","name":"Koener","description":"Just another ms.decms.eu site","potentialAction":[{"@type":"SearchAction","target":{"@type":"EntryPoint","urlTemplate":"https:\/\/koener.excellence-group.lu\/de\/?s={search_term_string}"},"query-input":{"@type":"PropertyValueSpecification","valueRequired":true,"valueName":"search_term_string"}}],"inLanguage":"de-DE"}]}},"acf":[],"_links":{"self":[{"href":"https:\/\/koener.excellence-group.lu\/de\/wp-json\/wp\/v2\/pages\/219","targetHints":{"allow":["GET"]}}],"collection":[{"href":"https:\/\/koener.excellence-group.lu\/de\/wp-json\/wp\/v2\/pages"}],"about":[{"href":"https:\/\/koener.excellence-group.lu\/de\/wp-json\/wp\/v2\/types\/page"}],"author":[{"embeddable":true,"href":"https:\/\/koener.excellence-group.lu\/de\/wp-json\/wp\/v2\/users\/5"}],"replies":[{"embeddable":true,"href":"https:\/\/koener.excellence-group.lu\/de\/wp-json\/wp\/v2\/comments?post=219"}],"version-history":[{"count":0,"href":"https:\/\/koener.excellence-group.lu\/de\/wp-json\/wp\/v2\/pages\/219\/revisions"}],"up":[{"embeddable":true,"href":"https:\/\/koener.excellence-group.lu\/de\/wp-json\/wp\/v2\/pages\/211"}],"wp:featuredmedia":[{"embeddable":true,"href":"https:\/\/koener.excellence-group.lu\/de\/wp-json\/wp\/v2\/media\/1085"}],"wp:attachment":[{"href":"https:\/\/koener.excellence-group.lu\/de\/wp-json\/wp\/v2\/media?parent=219"}],"curies":[{"name":"wp","href":"https:\/\/api.w.org\/{rel}","templated":true}]}}