{"id":226,"date":"2021-03-29T19:38:30","date_gmt":"2021-03-29T19:38:30","guid":{"rendered":"https:\/\/koener.ms.decms.eu\/zimmer\/chambre-superieure\/"},"modified":"2024-05-17T15:14:15","modified_gmt":"2024-05-17T15:14:15","slug":"zimmer-superior","status":"publish","type":"page","link":"https:\/\/koener.excellence-group.lu\/de\/zimmer\/zimmer-superior\/","title":{"rendered":"Zimmer Superior"},"content":{"rendered":"<p>Unsere Superior-Zimmer verbinden W\u00e4rme und Modernit\u00e4t mit zeitgen\u00f6ssischen M\u00f6beln ganz aus Holz und schaffen so ein einladendes und zugleich elegantes Ambiente. Diese Zimmer sind f\u00fcr zwei Personen konzipiert und bieten einen harmonischen, \u00fcbersichtlichen Raum, der perfekt f\u00fcr einen erholsamen Aufenthalt geeignet ist. Sie finden hier ein bequemes Bett f\u00fcr ruhige N\u00e4chte sowie einen Tisch und Sessel zum Entspannen oder Arbeiten.<\/p>\n<p>Zur Ausstattung geh\u00f6ren ein Fernseher f\u00fcr Ihre Unterhaltungsmomente, eine Minibar f\u00fcr Ihre Erfrischungen, ein Telefon, ein Haartrockner und ein Safe f\u00fcr Ihre Wertsachen. Kostenloses WLAN steht Ihnen ebenfalls zur Verf\u00fcgung, damit Sie w\u00e4hrend Ihres Aufenthalts in Verbindung bleiben k\u00f6nnen.<\/p>\n<p>Das moderne Badezimmer ist mit einer begehbaren Dusche ausgestattet, die einen zus\u00e4tzlichen Hauch von Luxus und Komfort verleiht. Badem\u00e4ntel werden f\u00fcr Ihr Wohlbefinden bereitgestellt. Wenn Sie in unseren Superior-Zimmern \u00fcbernachten, genie\u00dfen Sie eine zeitgem\u00e4\u00dfe und warme Atmosph\u00e4re, die ideal ist, um den Charme und Komfort unseres historischen Geb\u00e4udes in vollen Z\u00fcgen zu genie\u00dfen.<\/p>\n<p><em>Hinweis: Da der Zugang zum <a href=\"https:\/\/excellence-group.lu\/spa\">SPA Cinq Mondes<\/a> des Hotels bei Ihrem Aufenthalt im Hotel inbegriffen ist, finden Sie Badem\u00e4ntel in Ihrem Superior-Zimmer.\u00a0<\/em><\/p>\n","protected":false},"excerpt":{"rendered":"<p>Unsere Superior-Zimmer verbinden W\u00e4rme und Modernit\u00e4t mit zeitgen\u00f6ssischen M\u00f6beln ganz aus Holz und schaffen so ein einladendes und zugleich elegantes Ambiente. Diese Zimmer sind f\u00fcr zwei Personen konzipiert und bieten einen harmonischen, \u00fcbersichtlichen Raum, der perfekt f\u00fcr einen erholsamen Aufenthalt geeignet ist. Sie finden hier ein bequemes Bett f\u00fcr ruhige N\u00e4chte sowie einen Tisch und [&hellip;]<\/p>\n","protected":false},"author":5,"featured_media":1117,"parent":211,"menu_order":0,"comment_status":"closed","ping_status":"closed","template":"template-single-room.php","meta":{"footnotes":""},"class_list":["post-226","page","type-page","status-publish","has-post-thumbnail","hentry"],"yoast_head":"<!-- This site is optimized with the Yoast SEO plugin v26.9 - https:\/\/yoast.com\/product\/yoast-seo-wordpress\/ -->\n<title>Zimmer Superior - Koener Hotel<\/title>\n<meta name=\"description\" content=\"Entdecken Sie das Komfortzimmer im Hotel Koener in Clervaux, einem 4-Sterne-Hotel mit Spa inklusive im Norden von Luxemburg.\" \/>\n<meta name=\"robots\" content=\"index, follow, max-snippet:-1, max-image-preview:large, max-video-preview:-1\" \/>\n<link rel=\"canonical\" href=\"https:\/\/koener.excellence-group.lu\/de\/zimmer\/zimmer-superior\/\" \/>\n<meta property=\"og:locale\" content=\"de_DE\" \/>\n<meta property=\"og:type\" content=\"article\" \/>\n<meta property=\"og:title\" content=\"Zimmer Superior - Koener Hotel\" \/>\n<meta property=\"og:description\" content=\"Entdecken Sie das Komfortzimmer im Hotel Koener in Clervaux, einem 4-Sterne-Hotel mit Spa inklusive im Norden von Luxemburg.\" \/>\n<meta property=\"og:url\" content=\"https:\/\/koener.excellence-group.lu\/de\/zimmer\/zimmer-superior\/\" \/>\n<meta property=\"og:site_name\" content=\"Koener\" \/>\n<meta property=\"article:modified_time\" content=\"2024-05-17T15:14:15+00:00\" \/>\n<meta property=\"og:image\" content=\"https:\/\/koener.excellence-group.lu\/wp-content\/uploads\/sites\/391\/2024\/05\/chambre-superieur-koener-hotel-clervaux_bdef_3-scaled.jpg\" \/>\n\t<meta property=\"og:image:width\" content=\"2560\" \/>\n\t<meta property=\"og:image:height\" content=\"1708\" \/>\n\t<meta property=\"og:image:type\" content=\"image\/jpeg\" \/>\n<meta name=\"twitter:card\" content=\"summary_large_image\" \/>\n<meta name=\"twitter:label1\" content=\"Gesch\u00e4tzte Lesezeit\" \/>\n\t<meta name=\"twitter:data1\" content=\"2 Minuten\" \/>\n<script type=\"application\/ld+json\" class=\"yoast-schema-graph\">{\"@context\":\"https:\/\/schema.org\",\"@graph\":[{\"@type\":\"WebPage\",\"@id\":\"https:\/\/koener.excellence-group.lu\/de\/zimmer\/zimmer-superior\/\",\"url\":\"https:\/\/koener.excellence-group.lu\/de\/zimmer\/zimmer-superior\/\",\"name\":\"Zimmer Superior - Koener Hotel\",\"isPartOf\":{\"@id\":\"https:\/\/koener.excellence-group.lu\/de\/#website\"},\"primaryImageOfPage\":{\"@id\":\"https:\/\/koener.excellence-group.lu\/de\/zimmer\/zimmer-superior\/#primaryimage\"},\"image\":{\"@id\":\"https:\/\/koener.excellence-group.lu\/de\/zimmer\/zimmer-superior\/#primaryimage\"},\"thumbnailUrl\":\"https:\/\/koener.excellence-group.lu\/wp-content\/uploads\/sites\/391\/2024\/05\/chambre-superieur-koener-hotel-clervaux_bdef_3-scaled.jpg\",\"datePublished\":\"2021-03-29T19:38:30+00:00\",\"dateModified\":\"2024-05-17T15:14:15+00:00\",\"description\":\"Entdecken Sie das Komfortzimmer im Hotel Koener in Clervaux, einem 4-Sterne-Hotel mit Spa inklusive im Norden von Luxemburg.\",\"breadcrumb\":{\"@id\":\"https:\/\/koener.excellence-group.lu\/de\/zimmer\/zimmer-superior\/#breadcrumb\"},\"inLanguage\":\"de-DE\",\"potentialAction\":[{\"@type\":\"ReadAction\",\"target\":[\"https:\/\/koener.excellence-group.lu\/de\/zimmer\/zimmer-superior\/\"]}]},{\"@type\":\"ImageObject\",\"inLanguage\":\"de-DE\",\"@id\":\"https:\/\/koener.excellence-group.lu\/de\/zimmer\/zimmer-superior\/#primaryimage\",\"url\":\"https:\/\/koener.excellence-group.lu\/wp-content\/uploads\/sites\/391\/2024\/05\/chambre-superieur-koener-hotel-clervaux_bdef_3-scaled.jpg\",\"contentUrl\":\"https:\/\/koener.excellence-group.lu\/wp-content\/uploads\/sites\/391\/2024\/05\/chambre-superieur-koener-hotel-clervaux_bdef_3-scaled.jpg\",\"width\":2560,\"height\":1708},{\"@type\":\"BreadcrumbList\",\"@id\":\"https:\/\/koener.excellence-group.lu\/de\/zimmer\/zimmer-superior\/#breadcrumb\",\"itemListElement\":[{\"@type\":\"ListItem\",\"position\":1,\"name\":\"Home\",\"item\":\"https:\/\/koener.excellence-group.lu\/de\/\"},{\"@type\":\"ListItem\",\"position\":2,\"name\":\"Chambres &amp; Suites\",\"item\":\"https:\/\/koener.excellence-group.lu\/de\/zimmer\/\"},{\"@type\":\"ListItem\",\"position\":3,\"name\":\"Zimmer Superior\"}]},{\"@type\":\"WebSite\",\"@id\":\"https:\/\/koener.excellence-group.lu\/de\/#website\",\"url\":\"https:\/\/koener.excellence-group.lu\/de\/\",\"name\":\"Koener\",\"description\":\"Just another ms.decms.eu site\",\"potentialAction\":[{\"@type\":\"SearchAction\",\"target\":{\"@type\":\"EntryPoint\",\"urlTemplate\":\"https:\/\/koener.excellence-group.lu\/de\/?s={search_term_string}\"},\"query-input\":{\"@type\":\"PropertyValueSpecification\",\"valueRequired\":true,\"valueName\":\"search_term_string\"}}],\"inLanguage\":\"de-DE\"}]}<\/script>\n<!-- \/ Yoast SEO plugin. -->","yoast_head_json":{"title":"Zimmer Superior - Koener Hotel","description":"Entdecken Sie das Komfortzimmer im Hotel Koener in Clervaux, einem 4-Sterne-Hotel mit Spa inklusive im Norden von Luxemburg.","robots":{"index":"index","follow":"follow","max-snippet":"max-snippet:-1","max-image-preview":"max-image-preview:large","max-video-preview":"max-video-preview:-1"},"canonical":"https:\/\/koener.excellence-group.lu\/de\/zimmer\/zimmer-superior\/","og_locale":"de_DE","og_type":"article","og_title":"Zimmer Superior - Koener Hotel","og_description":"Entdecken Sie das Komfortzimmer im Hotel Koener in Clervaux, einem 4-Sterne-Hotel mit Spa inklusive im Norden von Luxemburg.","og_url":"https:\/\/koener.excellence-group.lu\/de\/zimmer\/zimmer-superior\/","og_site_name":"Koener","article_modified_time":"2024-05-17T15:14:15+00:00","og_image":[{"width":2560,"height":1708,"url":"https:\/\/koener.excellence-group.lu\/wp-content\/uploads\/sites\/391\/2024\/05\/chambre-superieur-koener-hotel-clervaux_bdef_3-scaled.jpg","type":"image\/jpeg"}],"twitter_card":"summary_large_image","twitter_misc":{"Gesch\u00e4tzte Lesezeit":"2 Minuten"},"schema":{"@context":"https:\/\/schema.org","@graph":[{"@type":"WebPage","@id":"https:\/\/koener.excellence-group.lu\/de\/zimmer\/zimmer-superior\/","url":"https:\/\/koener.excellence-group.lu\/de\/zimmer\/zimmer-superior\/","name":"Zimmer Superior - Koener Hotel","isPartOf":{"@id":"https:\/\/koener.excellence-group.lu\/de\/#website"},"primaryImageOfPage":{"@id":"https:\/\/koener.excellence-group.lu\/de\/zimmer\/zimmer-superior\/#primaryimage"},"image":{"@id":"https:\/\/koener.excellence-group.lu\/de\/zimmer\/zimmer-superior\/#primaryimage"},"thumbnailUrl":"https:\/\/koener.excellence-group.lu\/wp-content\/uploads\/sites\/391\/2024\/05\/chambre-superieur-koener-hotel-clervaux_bdef_3-scaled.jpg","datePublished":"2021-03-29T19:38:30+00:00","dateModified":"2024-05-17T15:14:15+00:00","description":"Entdecken Sie das Komfortzimmer im Hotel Koener in Clervaux, einem 4-Sterne-Hotel mit Spa inklusive im Norden von Luxemburg.","breadcrumb":{"@id":"https:\/\/koener.excellence-group.lu\/de\/zimmer\/zimmer-superior\/#breadcrumb"},"inLanguage":"de-DE","potentialAction":[{"@type":"ReadAction","target":["https:\/\/koener.excellence-group.lu\/de\/zimmer\/zimmer-superior\/"]}]},{"@type":"ImageObject","inLanguage":"de-DE","@id":"https:\/\/koener.excellence-group.lu\/de\/zimmer\/zimmer-superior\/#primaryimage","url":"https:\/\/koener.excellence-group.lu\/wp-content\/uploads\/sites\/391\/2024\/05\/chambre-superieur-koener-hotel-clervaux_bdef_3-scaled.jpg","contentUrl":"https:\/\/koener.excellence-group.lu\/wp-content\/uploads\/sites\/391\/2024\/05\/chambre-superieur-koener-hotel-clervaux_bdef_3-scaled.jpg","width":2560,"height":1708},{"@type":"BreadcrumbList","@id":"https:\/\/koener.excellence-group.lu\/de\/zimmer\/zimmer-superior\/#breadcrumb","itemListElement":[{"@type":"ListItem","position":1,"name":"Home","item":"https:\/\/koener.excellence-group.lu\/de\/"},{"@type":"ListItem","position":2,"name":"Chambres &amp; Suites","item":"https:\/\/koener.excellence-group.lu\/de\/zimmer\/"},{"@type":"ListItem","position":3,"name":"Zimmer Superior"}]},{"@type":"WebSite","@id":"https:\/\/koener.excellence-group.lu\/de\/#website","url":"https:\/\/koener.excellence-group.lu\/de\/","name":"Koener","description":"Just another ms.decms.eu site","potentialAction":[{"@type":"SearchAction","target":{"@type":"EntryPoint","urlTemplate":"https:\/\/koener.excellence-group.lu\/de\/?s={search_term_string}"},"query-input":{"@type":"PropertyValueSpecification","valueRequired":true,"valueName":"search_term_string"}}],"inLanguage":"de-DE"}]}},"acf":[],"_links":{"self":[{"href":"https:\/\/koener.excellence-group.lu\/de\/wp-json\/wp\/v2\/pages\/226","targetHints":{"allow":["GET"]}}],"collection":[{"href":"https:\/\/koener.excellence-group.lu\/de\/wp-json\/wp\/v2\/pages"}],"about":[{"href":"https:\/\/koener.excellence-group.lu\/de\/wp-json\/wp\/v2\/types\/page"}],"author":[{"embeddable":true,"href":"https:\/\/koener.excellence-group.lu\/de\/wp-json\/wp\/v2\/users\/5"}],"replies":[{"embeddable":true,"href":"https:\/\/koener.excellence-group.lu\/de\/wp-json\/wp\/v2\/comments?post=226"}],"version-history":[{"count":0,"href":"https:\/\/koener.excellence-group.lu\/de\/wp-json\/wp\/v2\/pages\/226\/revisions"}],"up":[{"embeddable":true,"href":"https:\/\/koener.excellence-group.lu\/de\/wp-json\/wp\/v2\/pages\/211"}],"wp:featuredmedia":[{"embeddable":true,"href":"https:\/\/koener.excellence-group.lu\/de\/wp-json\/wp\/v2\/media\/1117"}],"wp:attachment":[{"href":"https:\/\/koener.excellence-group.lu\/de\/wp-json\/wp\/v2\/media?parent=226"}],"curies":[{"name":"wp","href":"https:\/\/api.w.org\/{rel}","templated":true}]}}