{"id":233,"date":"2021-03-29T19:39:15","date_gmt":"2021-03-29T19:39:15","guid":{"rendered":"https:\/\/koener.ms.decms.eu\/zimmer\/suite\/"},"modified":"2024-05-21T08:13:24","modified_gmt":"2024-05-21T08:13:24","slug":"suite","status":"publish","type":"page","link":"https:\/\/koener.excellence-group.lu\/de\/zimmer\/suite\/","title":{"rendered":"Suite"},"content":{"rendered":"<p>Unsere Suiten, von denen es vier gibt, zeichnen sich durch ihren entschieden modernen Stil und ihren raffinierten Komfort aus und bieten ein einzigartiges Aufenthaltserlebnis in unserem 4-Sterne-Haus. Jede Suite ist mit einem komfortablen Doppelbett und einer ger\u00e4umigen Sitzecke ausgestattet und schafft so einen harmonischen Raum zum Entspannen und Erholen.<\/p>\n<p>Zur Ausstattung geh\u00f6rt ein drehbarer Fernseher, der raffiniert im Zentrum des Raumes platziert ist, sodass Sie Ihre Lieblingsprogramme sowohl vom Bett als auch von den Sofas aus genie\u00dfen k\u00f6nnen. Das trendige und designorientierte Badezimmer ist mit einer Badewanne ausgestattet, in der Sie sich vollkommen entspannen k\u00f6nnen. Einige Suiten bieten auch eine Dusche und verbinden so Praktikabilit\u00e4t mit Eleganz.<\/p>\n<p>Mit ihrem eleganten und zeitgen\u00f6ssischen Stil verk\u00f6rpern die Suiten des Hotels Koener modernen Luxus, ohne dabei die Authentizit\u00e4t dieses historischen Geb\u00e4udes zu vernachl\u00e4ssigen. Genie\u00dfen Sie einen Aufenthalt in Clervaux in einer unserer Suiten, in denen jedes Detail auf Ihren Komfort und Ihr Wohlbefinden ausgerichtet ist.<\/p>\n<p><em>Hinweis: Badem\u00e4ntel stehen Ihnen zur Verf\u00fcgung, damit Sie sich entspannen und das<a href=\"https:\/\/excellence-group.lu\/spa\">SPA Cinq Mondes<\/a> besuchen k\u00f6nnen, zu dem der Zugang in Ihrem Aufenthalt inbegriffen ist.<\/em><\/p>\n","protected":false},"excerpt":{"rendered":"<p>Unsere Suiten, von denen es vier gibt, zeichnen sich durch ihren entschieden modernen Stil und ihren raffinierten Komfort aus und bieten ein einzigartiges Aufenthaltserlebnis in unserem 4-Sterne-Haus. Jede Suite ist mit einem komfortablen Doppelbett und einer ger\u00e4umigen Sitzecke ausgestattet und schafft so einen harmonischen Raum zum Entspannen und Erholen. Zur Ausstattung geh\u00f6rt ein drehbarer Fernseher, [&hellip;]<\/p>\n","protected":false},"author":5,"featured_media":1221,"parent":211,"menu_order":0,"comment_status":"closed","ping_status":"closed","template":"template-single-room.php","meta":{"footnotes":""},"class_list":["post-233","page","type-page","status-publish","has-post-thumbnail","hentry"],"yoast_head":"<!-- This site is optimized with the Yoast SEO plugin v26.9 - https:\/\/yoast.com\/product\/yoast-seo-wordpress\/ -->\n<title>Suite - Koener Hotel<\/title>\n<meta name=\"description\" content=\"Ger\u00e4umig und elegant, entdecken Sie die Suiten im Hotel Koener in Clervaux, einem 4-Sterne-Hotel mit Spa im Norden von Luxemburg.\" \/>\n<meta name=\"robots\" content=\"index, follow, max-snippet:-1, max-image-preview:large, max-video-preview:-1\" \/>\n<link rel=\"canonical\" href=\"https:\/\/koener.excellence-group.lu\/de\/zimmer\/suite\/\" \/>\n<meta property=\"og:locale\" content=\"de_DE\" \/>\n<meta property=\"og:type\" content=\"article\" \/>\n<meta property=\"og:title\" content=\"Suite - Koener Hotel\" \/>\n<meta property=\"og:description\" content=\"Ger\u00e4umig und elegant, entdecken Sie die Suiten im Hotel Koener in Clervaux, einem 4-Sterne-Hotel mit Spa im Norden von Luxemburg.\" \/>\n<meta property=\"og:url\" content=\"https:\/\/koener.excellence-group.lu\/de\/zimmer\/suite\/\" \/>\n<meta property=\"og:site_name\" content=\"Koener\" \/>\n<meta property=\"article:modified_time\" content=\"2024-05-21T08:13:24+00:00\" \/>\n<meta property=\"og:image\" content=\"https:\/\/koener.excellence-group.lu\/wp-content\/uploads\/sites\/391\/2024\/05\/suite-koener-hotel-clervaux_bdef_25-scaled.jpg\" \/>\n\t<meta property=\"og:image:width\" content=\"2560\" \/>\n\t<meta property=\"og:image:height\" content=\"1727\" \/>\n\t<meta property=\"og:image:type\" content=\"image\/jpeg\" \/>\n<meta name=\"twitter:card\" content=\"summary_large_image\" \/>\n<meta name=\"twitter:label1\" content=\"Gesch\u00e4tzte Lesezeit\" \/>\n\t<meta name=\"twitter:data1\" content=\"2 Minuten\" \/>\n<script type=\"application\/ld+json\" class=\"yoast-schema-graph\">{\"@context\":\"https:\/\/schema.org\",\"@graph\":[{\"@type\":\"WebPage\",\"@id\":\"https:\/\/koener.excellence-group.lu\/de\/zimmer\/suite\/\",\"url\":\"https:\/\/koener.excellence-group.lu\/de\/zimmer\/suite\/\",\"name\":\"Suite - Koener Hotel\",\"isPartOf\":{\"@id\":\"https:\/\/koener.excellence-group.lu\/de\/#website\"},\"primaryImageOfPage\":{\"@id\":\"https:\/\/koener.excellence-group.lu\/de\/zimmer\/suite\/#primaryimage\"},\"image\":{\"@id\":\"https:\/\/koener.excellence-group.lu\/de\/zimmer\/suite\/#primaryimage\"},\"thumbnailUrl\":\"https:\/\/koener.excellence-group.lu\/wp-content\/uploads\/sites\/391\/2024\/05\/suite-koener-hotel-clervaux_bdef_25-scaled.jpg\",\"datePublished\":\"2021-03-29T19:39:15+00:00\",\"dateModified\":\"2024-05-21T08:13:24+00:00\",\"description\":\"Ger\u00e4umig und elegant, entdecken Sie die Suiten im Hotel Koener in Clervaux, einem 4-Sterne-Hotel mit Spa im Norden von Luxemburg.\",\"breadcrumb\":{\"@id\":\"https:\/\/koener.excellence-group.lu\/de\/zimmer\/suite\/#breadcrumb\"},\"inLanguage\":\"de-DE\",\"potentialAction\":[{\"@type\":\"ReadAction\",\"target\":[\"https:\/\/koener.excellence-group.lu\/de\/zimmer\/suite\/\"]}]},{\"@type\":\"ImageObject\",\"inLanguage\":\"de-DE\",\"@id\":\"https:\/\/koener.excellence-group.lu\/de\/zimmer\/suite\/#primaryimage\",\"url\":\"https:\/\/koener.excellence-group.lu\/wp-content\/uploads\/sites\/391\/2024\/05\/suite-koener-hotel-clervaux_bdef_25-scaled.jpg\",\"contentUrl\":\"https:\/\/koener.excellence-group.lu\/wp-content\/uploads\/sites\/391\/2024\/05\/suite-koener-hotel-clervaux_bdef_25-scaled.jpg\",\"width\":2560,\"height\":1727},{\"@type\":\"BreadcrumbList\",\"@id\":\"https:\/\/koener.excellence-group.lu\/de\/zimmer\/suite\/#breadcrumb\",\"itemListElement\":[{\"@type\":\"ListItem\",\"position\":1,\"name\":\"Home\",\"item\":\"https:\/\/koener.excellence-group.lu\/de\/\"},{\"@type\":\"ListItem\",\"position\":2,\"name\":\"Chambres &amp; Suites\",\"item\":\"https:\/\/koener.excellence-group.lu\/de\/zimmer\/\"},{\"@type\":\"ListItem\",\"position\":3,\"name\":\"Suite\"}]},{\"@type\":\"WebSite\",\"@id\":\"https:\/\/koener.excellence-group.lu\/de\/#website\",\"url\":\"https:\/\/koener.excellence-group.lu\/de\/\",\"name\":\"Koener\",\"description\":\"Just another ms.decms.eu site\",\"potentialAction\":[{\"@type\":\"SearchAction\",\"target\":{\"@type\":\"EntryPoint\",\"urlTemplate\":\"https:\/\/koener.excellence-group.lu\/de\/?s={search_term_string}\"},\"query-input\":{\"@type\":\"PropertyValueSpecification\",\"valueRequired\":true,\"valueName\":\"search_term_string\"}}],\"inLanguage\":\"de-DE\"}]}<\/script>\n<!-- \/ Yoast SEO plugin. -->","yoast_head_json":{"title":"Suite - Koener Hotel","description":"Ger\u00e4umig und elegant, entdecken Sie die Suiten im Hotel Koener in Clervaux, einem 4-Sterne-Hotel mit Spa im Norden von Luxemburg.","robots":{"index":"index","follow":"follow","max-snippet":"max-snippet:-1","max-image-preview":"max-image-preview:large","max-video-preview":"max-video-preview:-1"},"canonical":"https:\/\/koener.excellence-group.lu\/de\/zimmer\/suite\/","og_locale":"de_DE","og_type":"article","og_title":"Suite - Koener Hotel","og_description":"Ger\u00e4umig und elegant, entdecken Sie die Suiten im Hotel Koener in Clervaux, einem 4-Sterne-Hotel mit Spa im Norden von Luxemburg.","og_url":"https:\/\/koener.excellence-group.lu\/de\/zimmer\/suite\/","og_site_name":"Koener","article_modified_time":"2024-05-21T08:13:24+00:00","og_image":[{"width":2560,"height":1727,"url":"https:\/\/koener.excellence-group.lu\/wp-content\/uploads\/sites\/391\/2024\/05\/suite-koener-hotel-clervaux_bdef_25-scaled.jpg","type":"image\/jpeg"}],"twitter_card":"summary_large_image","twitter_misc":{"Gesch\u00e4tzte Lesezeit":"2 Minuten"},"schema":{"@context":"https:\/\/schema.org","@graph":[{"@type":"WebPage","@id":"https:\/\/koener.excellence-group.lu\/de\/zimmer\/suite\/","url":"https:\/\/koener.excellence-group.lu\/de\/zimmer\/suite\/","name":"Suite - Koener Hotel","isPartOf":{"@id":"https:\/\/koener.excellence-group.lu\/de\/#website"},"primaryImageOfPage":{"@id":"https:\/\/koener.excellence-group.lu\/de\/zimmer\/suite\/#primaryimage"},"image":{"@id":"https:\/\/koener.excellence-group.lu\/de\/zimmer\/suite\/#primaryimage"},"thumbnailUrl":"https:\/\/koener.excellence-group.lu\/wp-content\/uploads\/sites\/391\/2024\/05\/suite-koener-hotel-clervaux_bdef_25-scaled.jpg","datePublished":"2021-03-29T19:39:15+00:00","dateModified":"2024-05-21T08:13:24+00:00","description":"Ger\u00e4umig und elegant, entdecken Sie die Suiten im Hotel Koener in Clervaux, einem 4-Sterne-Hotel mit Spa im Norden von Luxemburg.","breadcrumb":{"@id":"https:\/\/koener.excellence-group.lu\/de\/zimmer\/suite\/#breadcrumb"},"inLanguage":"de-DE","potentialAction":[{"@type":"ReadAction","target":["https:\/\/koener.excellence-group.lu\/de\/zimmer\/suite\/"]}]},{"@type":"ImageObject","inLanguage":"de-DE","@id":"https:\/\/koener.excellence-group.lu\/de\/zimmer\/suite\/#primaryimage","url":"https:\/\/koener.excellence-group.lu\/wp-content\/uploads\/sites\/391\/2024\/05\/suite-koener-hotel-clervaux_bdef_25-scaled.jpg","contentUrl":"https:\/\/koener.excellence-group.lu\/wp-content\/uploads\/sites\/391\/2024\/05\/suite-koener-hotel-clervaux_bdef_25-scaled.jpg","width":2560,"height":1727},{"@type":"BreadcrumbList","@id":"https:\/\/koener.excellence-group.lu\/de\/zimmer\/suite\/#breadcrumb","itemListElement":[{"@type":"ListItem","position":1,"name":"Home","item":"https:\/\/koener.excellence-group.lu\/de\/"},{"@type":"ListItem","position":2,"name":"Chambres &amp; Suites","item":"https:\/\/koener.excellence-group.lu\/de\/zimmer\/"},{"@type":"ListItem","position":3,"name":"Suite"}]},{"@type":"WebSite","@id":"https:\/\/koener.excellence-group.lu\/de\/#website","url":"https:\/\/koener.excellence-group.lu\/de\/","name":"Koener","description":"Just another ms.decms.eu site","potentialAction":[{"@type":"SearchAction","target":{"@type":"EntryPoint","urlTemplate":"https:\/\/koener.excellence-group.lu\/de\/?s={search_term_string}"},"query-input":{"@type":"PropertyValueSpecification","valueRequired":true,"valueName":"search_term_string"}}],"inLanguage":"de-DE"}]}},"acf":[],"_links":{"self":[{"href":"https:\/\/koener.excellence-group.lu\/de\/wp-json\/wp\/v2\/pages\/233","targetHints":{"allow":["GET"]}}],"collection":[{"href":"https:\/\/koener.excellence-group.lu\/de\/wp-json\/wp\/v2\/pages"}],"about":[{"href":"https:\/\/koener.excellence-group.lu\/de\/wp-json\/wp\/v2\/types\/page"}],"author":[{"embeddable":true,"href":"https:\/\/koener.excellence-group.lu\/de\/wp-json\/wp\/v2\/users\/5"}],"replies":[{"embeddable":true,"href":"https:\/\/koener.excellence-group.lu\/de\/wp-json\/wp\/v2\/comments?post=233"}],"version-history":[{"count":0,"href":"https:\/\/koener.excellence-group.lu\/de\/wp-json\/wp\/v2\/pages\/233\/revisions"}],"up":[{"embeddable":true,"href":"https:\/\/koener.excellence-group.lu\/de\/wp-json\/wp\/v2\/pages\/211"}],"wp:featuredmedia":[{"embeddable":true,"href":"https:\/\/koener.excellence-group.lu\/de\/wp-json\/wp\/v2\/media\/1221"}],"wp:attachment":[{"href":"https:\/\/koener.excellence-group.lu\/de\/wp-json\/wp\/v2\/media?parent=233"}],"curies":[{"name":"wp","href":"https:\/\/api.w.org\/{rel}","templated":true}]}}