{"id":240,"date":"2021-03-29T19:38:53","date_gmt":"2021-03-29T19:38:53","guid":{"rendered":"https:\/\/koener.ms.decms.eu\/zimmer\/suite-junior\/"},"modified":"2024-05-21T07:21:09","modified_gmt":"2024-05-21T07:21:09","slug":"suite-junior","status":"publish","type":"page","link":"https:\/\/koener.excellence-group.lu\/de\/zimmer\/suite-junior\/","title":{"rendered":"Suite Junior"},"content":{"rendered":"<p>Unsere Junior Suiten bieten viel Platz und Komfort, perfekt f\u00fcr diejenigen, die einen ger\u00e4umigeren Aufenthalt suchen. Jede Suite verf\u00fcgt \u00fcber ein einladendes Doppelbett, das durch einen Wohnbereich mit einem Sofa erg\u00e4nzt wird &#8211; ideal, um sich nach einem Tag voller Entdeckungen in Clervaux zu entspannen. Der gro\u00dfe Fernseher, der gegen\u00fcber dem Bett platziert ist, garantiert ungest\u00f6rte Unterhaltungsmomente.<\/p>\n<p>Das elegant eingerichtete Badezimmer ist mit einer Badewanne oder einer Dusche ausgestattet, je nach Wunsch, den Sie bei der Buchung \u00fcber das Feld \u201eSonderwunsch\u201c angeben k\u00f6nnen. Die Junior Suiten sind getreu dem Stil unseres historischen Geb\u00e4udes mit typischen Holzm\u00f6beln ausgestattet, die dem gesamten Raum W\u00e4rme und Charakter verleihen.<\/p>\n<p>Unsere Junior Suiten sind mit dem Charme und dem Prestige des Hotels Koener, dem historischen Wahrzeichen von Clervaux, ausgestattet und bieten einen unvergesslichen und komfortablen Aufenthalt, der Tradition und Moderne miteinander verbindet.<\/p>\n<p><em>Hinweis: Da der Zugang zum <a href=\"https:\/\/excellence-group.lu\/spa\">SPA Cinq Mondes<\/a> bei Ihrem Aufenthalt im Hotel inbegriffen ist, liegen in Ihrer Junior Suite Badem\u00e4ntel f\u00fcr Sie bereit.<\/em><\/p>\n","protected":false},"excerpt":{"rendered":"<p>Unsere Junior Suiten bieten viel Platz und Komfort, perfekt f\u00fcr diejenigen, die einen ger\u00e4umigeren Aufenthalt suchen. Jede Suite verf\u00fcgt \u00fcber ein einladendes Doppelbett, das durch einen Wohnbereich mit einem Sofa erg\u00e4nzt wird &#8211; ideal, um sich nach einem Tag voller Entdeckungen in Clervaux zu entspannen. Der gro\u00dfe Fernseher, der gegen\u00fcber dem Bett platziert ist, garantiert [&hellip;]<\/p>\n","protected":false},"author":5,"featured_media":1149,"parent":211,"menu_order":0,"comment_status":"closed","ping_status":"closed","template":"template-single-room.php","meta":{"footnotes":""},"class_list":["post-240","page","type-page","status-publish","has-post-thumbnail","hentry"],"yoast_head":"<!-- This site is optimized with the Yoast SEO plugin v26.9 - https:\/\/yoast.com\/product\/yoast-seo-wordpress\/ -->\n<title>Suite Junior - Koener Hotel<\/title>\n<meta name=\"description\" content=\"Entdecken Sie die Junior Suite im Hotel Koener in Clervaux, einem 4-Sterne-Hotel mit Spa im Norden von Luxemburg.\" \/>\n<meta name=\"robots\" content=\"index, follow, max-snippet:-1, max-image-preview:large, max-video-preview:-1\" \/>\n<link rel=\"canonical\" href=\"https:\/\/koener.excellence-group.lu\/de\/zimmer\/suite-junior\/\" \/>\n<meta property=\"og:locale\" content=\"de_DE\" \/>\n<meta property=\"og:type\" content=\"article\" \/>\n<meta property=\"og:title\" content=\"Suite Junior - Koener Hotel\" \/>\n<meta property=\"og:description\" content=\"Entdecken Sie die Junior Suite im Hotel Koener in Clervaux, einem 4-Sterne-Hotel mit Spa im Norden von Luxemburg.\" \/>\n<meta property=\"og:url\" content=\"https:\/\/koener.excellence-group.lu\/de\/zimmer\/suite-junior\/\" \/>\n<meta property=\"og:site_name\" content=\"Koener\" \/>\n<meta property=\"article:modified_time\" content=\"2024-05-21T07:21:09+00:00\" \/>\n<meta property=\"og:image\" content=\"https:\/\/koener.excellence-group.lu\/wp-content\/uploads\/sites\/391\/2024\/05\/junior-suite-koener-hotel-clervaux_bdef_12-scaled.jpg\" \/>\n\t<meta property=\"og:image:width\" content=\"2560\" \/>\n\t<meta property=\"og:image:height\" content=\"1708\" \/>\n\t<meta property=\"og:image:type\" content=\"image\/jpeg\" \/>\n<meta name=\"twitter:card\" content=\"summary_large_image\" \/>\n<meta name=\"twitter:label1\" content=\"Gesch\u00e4tzte Lesezeit\" \/>\n\t<meta name=\"twitter:data1\" content=\"2 Minuten\" \/>\n<script type=\"application\/ld+json\" class=\"yoast-schema-graph\">{\"@context\":\"https:\/\/schema.org\",\"@graph\":[{\"@type\":\"WebPage\",\"@id\":\"https:\/\/koener.excellence-group.lu\/de\/zimmer\/suite-junior\/\",\"url\":\"https:\/\/koener.excellence-group.lu\/de\/zimmer\/suite-junior\/\",\"name\":\"Suite Junior - Koener Hotel\",\"isPartOf\":{\"@id\":\"https:\/\/koener.excellence-group.lu\/de\/#website\"},\"primaryImageOfPage\":{\"@id\":\"https:\/\/koener.excellence-group.lu\/de\/zimmer\/suite-junior\/#primaryimage\"},\"image\":{\"@id\":\"https:\/\/koener.excellence-group.lu\/de\/zimmer\/suite-junior\/#primaryimage\"},\"thumbnailUrl\":\"https:\/\/koener.excellence-group.lu\/wp-content\/uploads\/sites\/391\/2024\/05\/junior-suite-koener-hotel-clervaux_bdef_12-scaled.jpg\",\"datePublished\":\"2021-03-29T19:38:53+00:00\",\"dateModified\":\"2024-05-21T07:21:09+00:00\",\"description\":\"Entdecken Sie die Junior Suite im Hotel Koener in Clervaux, einem 4-Sterne-Hotel mit Spa im Norden von Luxemburg.\",\"breadcrumb\":{\"@id\":\"https:\/\/koener.excellence-group.lu\/de\/zimmer\/suite-junior\/#breadcrumb\"},\"inLanguage\":\"de-DE\",\"potentialAction\":[{\"@type\":\"ReadAction\",\"target\":[\"https:\/\/koener.excellence-group.lu\/de\/zimmer\/suite-junior\/\"]}]},{\"@type\":\"ImageObject\",\"inLanguage\":\"de-DE\",\"@id\":\"https:\/\/koener.excellence-group.lu\/de\/zimmer\/suite-junior\/#primaryimage\",\"url\":\"https:\/\/koener.excellence-group.lu\/wp-content\/uploads\/sites\/391\/2024\/05\/junior-suite-koener-hotel-clervaux_bdef_12-scaled.jpg\",\"contentUrl\":\"https:\/\/koener.excellence-group.lu\/wp-content\/uploads\/sites\/391\/2024\/05\/junior-suite-koener-hotel-clervaux_bdef_12-scaled.jpg\",\"width\":2560,\"height\":1708},{\"@type\":\"BreadcrumbList\",\"@id\":\"https:\/\/koener.excellence-group.lu\/de\/zimmer\/suite-junior\/#breadcrumb\",\"itemListElement\":[{\"@type\":\"ListItem\",\"position\":1,\"name\":\"Home\",\"item\":\"https:\/\/koener.excellence-group.lu\/de\/\"},{\"@type\":\"ListItem\",\"position\":2,\"name\":\"Chambres &amp; Suites\",\"item\":\"https:\/\/koener.excellence-group.lu\/de\/zimmer\/\"},{\"@type\":\"ListItem\",\"position\":3,\"name\":\"Suite Junior\"}]},{\"@type\":\"WebSite\",\"@id\":\"https:\/\/koener.excellence-group.lu\/de\/#website\",\"url\":\"https:\/\/koener.excellence-group.lu\/de\/\",\"name\":\"Koener\",\"description\":\"Just another ms.decms.eu site\",\"potentialAction\":[{\"@type\":\"SearchAction\",\"target\":{\"@type\":\"EntryPoint\",\"urlTemplate\":\"https:\/\/koener.excellence-group.lu\/de\/?s={search_term_string}\"},\"query-input\":{\"@type\":\"PropertyValueSpecification\",\"valueRequired\":true,\"valueName\":\"search_term_string\"}}],\"inLanguage\":\"de-DE\"}]}<\/script>\n<!-- \/ Yoast SEO plugin. -->","yoast_head_json":{"title":"Suite Junior - Koener Hotel","description":"Entdecken Sie die Junior Suite im Hotel Koener in Clervaux, einem 4-Sterne-Hotel mit Spa im Norden von Luxemburg.","robots":{"index":"index","follow":"follow","max-snippet":"max-snippet:-1","max-image-preview":"max-image-preview:large","max-video-preview":"max-video-preview:-1"},"canonical":"https:\/\/koener.excellence-group.lu\/de\/zimmer\/suite-junior\/","og_locale":"de_DE","og_type":"article","og_title":"Suite Junior - Koener Hotel","og_description":"Entdecken Sie die Junior Suite im Hotel Koener in Clervaux, einem 4-Sterne-Hotel mit Spa im Norden von Luxemburg.","og_url":"https:\/\/koener.excellence-group.lu\/de\/zimmer\/suite-junior\/","og_site_name":"Koener","article_modified_time":"2024-05-21T07:21:09+00:00","og_image":[{"width":2560,"height":1708,"url":"https:\/\/koener.excellence-group.lu\/wp-content\/uploads\/sites\/391\/2024\/05\/junior-suite-koener-hotel-clervaux_bdef_12-scaled.jpg","type":"image\/jpeg"}],"twitter_card":"summary_large_image","twitter_misc":{"Gesch\u00e4tzte Lesezeit":"2 Minuten"},"schema":{"@context":"https:\/\/schema.org","@graph":[{"@type":"WebPage","@id":"https:\/\/koener.excellence-group.lu\/de\/zimmer\/suite-junior\/","url":"https:\/\/koener.excellence-group.lu\/de\/zimmer\/suite-junior\/","name":"Suite Junior - Koener Hotel","isPartOf":{"@id":"https:\/\/koener.excellence-group.lu\/de\/#website"},"primaryImageOfPage":{"@id":"https:\/\/koener.excellence-group.lu\/de\/zimmer\/suite-junior\/#primaryimage"},"image":{"@id":"https:\/\/koener.excellence-group.lu\/de\/zimmer\/suite-junior\/#primaryimage"},"thumbnailUrl":"https:\/\/koener.excellence-group.lu\/wp-content\/uploads\/sites\/391\/2024\/05\/junior-suite-koener-hotel-clervaux_bdef_12-scaled.jpg","datePublished":"2021-03-29T19:38:53+00:00","dateModified":"2024-05-21T07:21:09+00:00","description":"Entdecken Sie die Junior Suite im Hotel Koener in Clervaux, einem 4-Sterne-Hotel mit Spa im Norden von Luxemburg.","breadcrumb":{"@id":"https:\/\/koener.excellence-group.lu\/de\/zimmer\/suite-junior\/#breadcrumb"},"inLanguage":"de-DE","potentialAction":[{"@type":"ReadAction","target":["https:\/\/koener.excellence-group.lu\/de\/zimmer\/suite-junior\/"]}]},{"@type":"ImageObject","inLanguage":"de-DE","@id":"https:\/\/koener.excellence-group.lu\/de\/zimmer\/suite-junior\/#primaryimage","url":"https:\/\/koener.excellence-group.lu\/wp-content\/uploads\/sites\/391\/2024\/05\/junior-suite-koener-hotel-clervaux_bdef_12-scaled.jpg","contentUrl":"https:\/\/koener.excellence-group.lu\/wp-content\/uploads\/sites\/391\/2024\/05\/junior-suite-koener-hotel-clervaux_bdef_12-scaled.jpg","width":2560,"height":1708},{"@type":"BreadcrumbList","@id":"https:\/\/koener.excellence-group.lu\/de\/zimmer\/suite-junior\/#breadcrumb","itemListElement":[{"@type":"ListItem","position":1,"name":"Home","item":"https:\/\/koener.excellence-group.lu\/de\/"},{"@type":"ListItem","position":2,"name":"Chambres &amp; Suites","item":"https:\/\/koener.excellence-group.lu\/de\/zimmer\/"},{"@type":"ListItem","position":3,"name":"Suite Junior"}]},{"@type":"WebSite","@id":"https:\/\/koener.excellence-group.lu\/de\/#website","url":"https:\/\/koener.excellence-group.lu\/de\/","name":"Koener","description":"Just another ms.decms.eu site","potentialAction":[{"@type":"SearchAction","target":{"@type":"EntryPoint","urlTemplate":"https:\/\/koener.excellence-group.lu\/de\/?s={search_term_string}"},"query-input":{"@type":"PropertyValueSpecification","valueRequired":true,"valueName":"search_term_string"}}],"inLanguage":"de-DE"}]}},"acf":[],"_links":{"self":[{"href":"https:\/\/koener.excellence-group.lu\/de\/wp-json\/wp\/v2\/pages\/240","targetHints":{"allow":["GET"]}}],"collection":[{"href":"https:\/\/koener.excellence-group.lu\/de\/wp-json\/wp\/v2\/pages"}],"about":[{"href":"https:\/\/koener.excellence-group.lu\/de\/wp-json\/wp\/v2\/types\/page"}],"author":[{"embeddable":true,"href":"https:\/\/koener.excellence-group.lu\/de\/wp-json\/wp\/v2\/users\/5"}],"replies":[{"embeddable":true,"href":"https:\/\/koener.excellence-group.lu\/de\/wp-json\/wp\/v2\/comments?post=240"}],"version-history":[{"count":0,"href":"https:\/\/koener.excellence-group.lu\/de\/wp-json\/wp\/v2\/pages\/240\/revisions"}],"up":[{"embeddable":true,"href":"https:\/\/koener.excellence-group.lu\/de\/wp-json\/wp\/v2\/pages\/211"}],"wp:featuredmedia":[{"embeddable":true,"href":"https:\/\/koener.excellence-group.lu\/de\/wp-json\/wp\/v2\/media\/1149"}],"wp:attachment":[{"href":"https:\/\/koener.excellence-group.lu\/de\/wp-json\/wp\/v2\/media?parent=240"}],"curies":[{"name":"wp","href":"https:\/\/api.w.org\/{rel}","templated":true}]}}