{"id":619,"date":"2022-02-15T09:58:17","date_gmt":"2022-02-15T09:58:17","guid":{"rendered":"https:\/\/koener.excellence-hotels.com\/galerie\/"},"modified":"2024-05-17T13:06:06","modified_gmt":"2024-05-17T13:06:06","slug":"galerie","status":"publish","type":"page","link":"https:\/\/koener.excellence-group.lu\/de\/galerie\/","title":{"rendered":"Fotogalerie"},"content":{"rendered":"<p>Tauchen Sie in die warme und einladende Welt des Koener Hotels mit seinem Cinq Mondes SPA, seinen Restaurants und Seminarr\u00e4umen ein, indem Sie durch unsere Fotogalerie bl\u00e4ttern. Entdecken Sie authentische Momentaufnahmen unseres 4-Sterne-Hotels, die Sie in eine Atmosph\u00e4re des Wohlbefindens und der Entspannung eintauchen lassen.<\/p>\n","protected":false},"excerpt":{"rendered":"<p>Tauchen Sie in die warme und einladende Welt des Koener Hotels mit seinem Cinq Mondes SPA, seinen Restaurants und Seminarr\u00e4umen ein, indem Sie durch unsere Fotogalerie bl\u00e4ttern. Entdecken Sie authentische Momentaufnahmen unseres 4-Sterne-Hotels, die Sie in eine Atmosph\u00e4re des Wohlbefindens und der Entspannung eintauchen lassen.<\/p>\n","protected":false},"author":8,"featured_media":907,"parent":0,"menu_order":0,"comment_status":"closed","ping_status":"closed","template":"template-gallery.php","meta":{"footnotes":""},"class_list":["post-619","page","type-page","status-publish","has-post-thumbnail","hentry"],"yoast_head":"<!-- This site is optimized with the Yoast SEO plugin v26.9 - https:\/\/yoast.com\/product\/yoast-seo-wordpress\/ -->\n<title>Fotogalerie - Koener<\/title>\n<meta name=\"description\" content=\"Entdecken Sie die Fotos des 4-Sterne-Hotels Koener mit Wellness-Spa in Clervaux im Norden Luxemburgs.\" \/>\n<meta name=\"robots\" content=\"index, follow, max-snippet:-1, max-image-preview:large, max-video-preview:-1\" \/>\n<link rel=\"canonical\" href=\"https:\/\/koener.excellence-group.lu\/de\/galerie\/\" \/>\n<meta property=\"og:locale\" content=\"de_DE\" \/>\n<meta property=\"og:type\" content=\"article\" \/>\n<meta property=\"og:title\" content=\"Fotogalerie - Koener\" \/>\n<meta property=\"og:description\" content=\"Entdecken Sie die Fotos des 4-Sterne-Hotels Koener mit Wellness-Spa in Clervaux im Norden Luxemburgs.\" \/>\n<meta property=\"og:url\" content=\"https:\/\/koener.excellence-group.lu\/de\/galerie\/\" \/>\n<meta property=\"og:site_name\" content=\"Koener\" \/>\n<meta property=\"article:modified_time\" content=\"2024-05-17T13:06:06+00:00\" \/>\n<meta property=\"og:image\" content=\"https:\/\/koener.excellence-group.lu\/wp-content\/uploads\/sites\/391\/2024\/05\/hotel-koener-clervaux-luxembourg_28-scaled.jpg\" \/>\n\t<meta property=\"og:image:width\" content=\"2560\" \/>\n\t<meta property=\"og:image:height\" content=\"1708\" \/>\n\t<meta property=\"og:image:type\" content=\"image\/jpeg\" \/>\n<meta name=\"twitter:card\" content=\"summary_large_image\" \/>\n<meta name=\"twitter:label1\" content=\"Gesch\u00e4tzte Lesezeit\" \/>\n\t<meta name=\"twitter:data1\" content=\"1 Minute\" \/>\n<script type=\"application\/ld+json\" class=\"yoast-schema-graph\">{\"@context\":\"https:\/\/schema.org\",\"@graph\":[{\"@type\":\"WebPage\",\"@id\":\"https:\/\/koener.excellence-group.lu\/de\/galerie\/\",\"url\":\"https:\/\/koener.excellence-group.lu\/de\/galerie\/\",\"name\":\"Fotogalerie - Koener\",\"isPartOf\":{\"@id\":\"https:\/\/koener.excellence-group.lu\/de\/#website\"},\"primaryImageOfPage\":{\"@id\":\"https:\/\/koener.excellence-group.lu\/de\/galerie\/#primaryimage\"},\"image\":{\"@id\":\"https:\/\/koener.excellence-group.lu\/de\/galerie\/#primaryimage\"},\"thumbnailUrl\":\"https:\/\/koener.excellence-group.lu\/wp-content\/uploads\/sites\/391\/2024\/05\/hotel-koener-clervaux-luxembourg_13-scaled.jpg\",\"datePublished\":\"2022-02-15T09:58:17+00:00\",\"dateModified\":\"2024-05-17T13:06:06+00:00\",\"description\":\"Entdecken Sie die Fotos des 4-Sterne-Hotels Koener mit Wellness-Spa in Clervaux im Norden Luxemburgs.\",\"breadcrumb\":{\"@id\":\"https:\/\/koener.excellence-group.lu\/de\/galerie\/#breadcrumb\"},\"inLanguage\":\"de-DE\",\"potentialAction\":[{\"@type\":\"ReadAction\",\"target\":[\"https:\/\/koener.excellence-group.lu\/de\/galerie\/\"]}]},{\"@type\":\"ImageObject\",\"inLanguage\":\"de-DE\",\"@id\":\"https:\/\/koener.excellence-group.lu\/de\/galerie\/#primaryimage\",\"url\":\"https:\/\/koener.excellence-group.lu\/wp-content\/uploads\/sites\/391\/2024\/05\/hotel-koener-clervaux-luxembourg_13-scaled.jpg\",\"contentUrl\":\"https:\/\/koener.excellence-group.lu\/wp-content\/uploads\/sites\/391\/2024\/05\/hotel-koener-clervaux-luxembourg_13-scaled.jpg\",\"width\":2560,\"height\":1708},{\"@type\":\"BreadcrumbList\",\"@id\":\"https:\/\/koener.excellence-group.lu\/de\/galerie\/#breadcrumb\",\"itemListElement\":[{\"@type\":\"ListItem\",\"position\":1,\"name\":\"Home\",\"item\":\"https:\/\/koener.excellence-group.lu\/de\/\"},{\"@type\":\"ListItem\",\"position\":2,\"name\":\"Fotogalerie\"}]},{\"@type\":\"WebSite\",\"@id\":\"https:\/\/koener.excellence-group.lu\/de\/#website\",\"url\":\"https:\/\/koener.excellence-group.lu\/de\/\",\"name\":\"Koener\",\"description\":\"Just another ms.decms.eu site\",\"potentialAction\":[{\"@type\":\"SearchAction\",\"target\":{\"@type\":\"EntryPoint\",\"urlTemplate\":\"https:\/\/koener.excellence-group.lu\/de\/?s={search_term_string}\"},\"query-input\":{\"@type\":\"PropertyValueSpecification\",\"valueRequired\":true,\"valueName\":\"search_term_string\"}}],\"inLanguage\":\"de-DE\"}]}<\/script>\n<!-- \/ Yoast SEO plugin. -->","yoast_head_json":{"title":"Fotogalerie - Koener","description":"Entdecken Sie die Fotos des 4-Sterne-Hotels Koener mit Wellness-Spa in Clervaux im Norden Luxemburgs.","robots":{"index":"index","follow":"follow","max-snippet":"max-snippet:-1","max-image-preview":"max-image-preview:large","max-video-preview":"max-video-preview:-1"},"canonical":"https:\/\/koener.excellence-group.lu\/de\/galerie\/","og_locale":"de_DE","og_type":"article","og_title":"Fotogalerie - Koener","og_description":"Entdecken Sie die Fotos des 4-Sterne-Hotels Koener mit Wellness-Spa in Clervaux im Norden Luxemburgs.","og_url":"https:\/\/koener.excellence-group.lu\/de\/galerie\/","og_site_name":"Koener","article_modified_time":"2024-05-17T13:06:06+00:00","og_image":[{"width":2560,"height":1708,"url":"https:\/\/koener.excellence-group.lu\/wp-content\/uploads\/sites\/391\/2024\/05\/hotel-koener-clervaux-luxembourg_28-scaled.jpg","type":"image\/jpeg"}],"twitter_card":"summary_large_image","twitter_misc":{"Gesch\u00e4tzte Lesezeit":"1 Minute"},"schema":{"@context":"https:\/\/schema.org","@graph":[{"@type":"WebPage","@id":"https:\/\/koener.excellence-group.lu\/de\/galerie\/","url":"https:\/\/koener.excellence-group.lu\/de\/galerie\/","name":"Fotogalerie - Koener","isPartOf":{"@id":"https:\/\/koener.excellence-group.lu\/de\/#website"},"primaryImageOfPage":{"@id":"https:\/\/koener.excellence-group.lu\/de\/galerie\/#primaryimage"},"image":{"@id":"https:\/\/koener.excellence-group.lu\/de\/galerie\/#primaryimage"},"thumbnailUrl":"https:\/\/koener.excellence-group.lu\/wp-content\/uploads\/sites\/391\/2024\/05\/hotel-koener-clervaux-luxembourg_13-scaled.jpg","datePublished":"2022-02-15T09:58:17+00:00","dateModified":"2024-05-17T13:06:06+00:00","description":"Entdecken Sie die Fotos des 4-Sterne-Hotels Koener mit Wellness-Spa in Clervaux im Norden Luxemburgs.","breadcrumb":{"@id":"https:\/\/koener.excellence-group.lu\/de\/galerie\/#breadcrumb"},"inLanguage":"de-DE","potentialAction":[{"@type":"ReadAction","target":["https:\/\/koener.excellence-group.lu\/de\/galerie\/"]}]},{"@type":"ImageObject","inLanguage":"de-DE","@id":"https:\/\/koener.excellence-group.lu\/de\/galerie\/#primaryimage","url":"https:\/\/koener.excellence-group.lu\/wp-content\/uploads\/sites\/391\/2024\/05\/hotel-koener-clervaux-luxembourg_13-scaled.jpg","contentUrl":"https:\/\/koener.excellence-group.lu\/wp-content\/uploads\/sites\/391\/2024\/05\/hotel-koener-clervaux-luxembourg_13-scaled.jpg","width":2560,"height":1708},{"@type":"BreadcrumbList","@id":"https:\/\/koener.excellence-group.lu\/de\/galerie\/#breadcrumb","itemListElement":[{"@type":"ListItem","position":1,"name":"Home","item":"https:\/\/koener.excellence-group.lu\/de\/"},{"@type":"ListItem","position":2,"name":"Fotogalerie"}]},{"@type":"WebSite","@id":"https:\/\/koener.excellence-group.lu\/de\/#website","url":"https:\/\/koener.excellence-group.lu\/de\/","name":"Koener","description":"Just another ms.decms.eu site","potentialAction":[{"@type":"SearchAction","target":{"@type":"EntryPoint","urlTemplate":"https:\/\/koener.excellence-group.lu\/de\/?s={search_term_string}"},"query-input":{"@type":"PropertyValueSpecification","valueRequired":true,"valueName":"search_term_string"}}],"inLanguage":"de-DE"}]}},"acf":[],"_links":{"self":[{"href":"https:\/\/koener.excellence-group.lu\/de\/wp-json\/wp\/v2\/pages\/619","targetHints":{"allow":["GET"]}}],"collection":[{"href":"https:\/\/koener.excellence-group.lu\/de\/wp-json\/wp\/v2\/pages"}],"about":[{"href":"https:\/\/koener.excellence-group.lu\/de\/wp-json\/wp\/v2\/types\/page"}],"author":[{"embeddable":true,"href":"https:\/\/koener.excellence-group.lu\/de\/wp-json\/wp\/v2\/users\/8"}],"replies":[{"embeddable":true,"href":"https:\/\/koener.excellence-group.lu\/de\/wp-json\/wp\/v2\/comments?post=619"}],"version-history":[{"count":0,"href":"https:\/\/koener.excellence-group.lu\/de\/wp-json\/wp\/v2\/pages\/619\/revisions"}],"wp:featuredmedia":[{"embeddable":true,"href":"https:\/\/koener.excellence-group.lu\/de\/wp-json\/wp\/v2\/media\/907"}],"wp:attachment":[{"href":"https:\/\/koener.excellence-group.lu\/de\/wp-json\/wp\/v2\/media?parent=619"}],"curies":[{"name":"wp","href":"https:\/\/api.w.org\/{rel}","templated":true}]}}