{"id":1474,"date":"2026-02-13T11:59:45","date_gmt":"2026-02-13T11:59:45","guid":{"rendered":"https:\/\/koener.excellence-group.lu\/chambres\/chambre-familiale-clervaux\/"},"modified":"2026-02-13T13:25:40","modified_gmt":"2026-02-13T13:25:40","slug":"chambre-familiale-clervaux","status":"publish","type":"page","link":"https:\/\/koener.excellence-group.lu\/en\/chambres\/chambre-familiale-clervaux\/","title":{"rendered":"Family Room"},"content":{"rendered":"<p>Spacious and bright, the family room at Hotel Koener is designed to welcome young and old alike in a comfortable and soothing setting. Nestled under the eaves, it charms guests with its generous proportions, charming sloping ceilings, and cozy atmosphere, ideal for a family stay in the heart of the Luxembourg Ardennes.<\/p>\n<p>The room has a large, comfortable bed, carefully prepared with high-quality bedding, as well as a pleasant lounge area where everyone can relax. Some rooms offer direct access to a terrace, a real asset for enjoying a quiet moment surrounded by nature.<\/p>\n<p>The spacious and elegant bathroom is equipped with a corner bathtub, inviting you to relax after a day of exploring Clervaux and the surrounding area.<\/p>\n<p>A family cocoon where comfort, functionality, and serenity come together for a peaceful stay at the Hotel Koener.<\/p>\n<p><em>NB: Access to the hotel&#8217;s Cinq Mondes spa is automatically included when you stay in a family room. However, please note that children (under 14) are only allowed in the pool area until noon.<\/em><\/p>\n","protected":false},"excerpt":{"rendered":"<p>Spacious and bright, the family room at Hotel Koener is designed to welcome young and old alike in a comfortable and soothing setting. Nestled under the eaves, it charms guests with its generous proportions, charming sloping ceilings, and cozy atmosphere, ideal for a family stay in the heart of the Luxembourg Ardennes. The room has [&hellip;]<\/p>\n","protected":false},"author":399,"featured_media":1457,"parent":210,"menu_order":0,"comment_status":"closed","ping_status":"closed","template":"template-single-room.php","meta":{"footnotes":""},"class_list":["post-1474","page","type-page","status-publish","has-post-thumbnail","hentry"],"yoast_head":"<!-- This site is optimized with the Yoast SEO plugin v26.9 - https:\/\/yoast.com\/product\/yoast-seo-wordpress\/ -->\n<title>Chambre Familiale \/ H\u00f4tel Koener \/ Clervaux<\/title>\n<meta name=\"description\" content=\"D\u00e9couvrez la chambre familiale de l&#039;h\u00f4tel Koener \u00e0 Clervaux, un h\u00f4tel 4 \u00e9toiles avec spa inclus dans le Nord du Luxembourg.\" \/>\n<meta name=\"robots\" content=\"index, follow, max-snippet:-1, max-image-preview:large, max-video-preview:-1\" \/>\n<link rel=\"canonical\" href=\"https:\/\/koener.excellence-group.lu\/en\/chambres\/chambre-familiale-clervaux\/\" \/>\n<meta property=\"og:locale\" content=\"en_US\" \/>\n<meta property=\"og:type\" content=\"article\" \/>\n<meta property=\"og:title\" content=\"Chambre Familiale \/ H\u00f4tel Koener \/ Clervaux\" \/>\n<meta property=\"og:description\" content=\"D\u00e9couvrez la chambre familiale de l&#039;h\u00f4tel Koener \u00e0 Clervaux, un h\u00f4tel 4 \u00e9toiles avec spa inclus dans le Nord du Luxembourg.\" \/>\n<meta property=\"og:url\" content=\"https:\/\/koener.excellence-group.lu\/en\/chambres\/chambre-familiale-clervaux\/\" \/>\n<meta property=\"og:site_name\" content=\"Koener\" \/>\n<meta property=\"article:modified_time\" content=\"2026-02-13T13:25:40+00:00\" \/>\n<meta property=\"og:image\" content=\"https:\/\/koener.excellence-group.lu\/wp-content\/uploads\/sites\/391\/2026\/02\/chambre-familiale-clervaux-luxembourg-hotel-koener-5-1024x683.png\" \/>\n\t<meta property=\"og:image:width\" content=\"1024\" \/>\n\t<meta property=\"og:image:height\" content=\"683\" \/>\n\t<meta property=\"og:image:type\" content=\"image\/png\" \/>\n<meta name=\"twitter:card\" content=\"summary_large_image\" \/>\n<meta name=\"twitter:label1\" content=\"Est. reading time\" \/>\n\t<meta name=\"twitter:data1\" content=\"2 minutes\" \/>\n<script type=\"application\/ld+json\" class=\"yoast-schema-graph\">{\"@context\":\"https:\/\/schema.org\",\"@graph\":[{\"@type\":\"WebPage\",\"@id\":\"https:\/\/koener.excellence-group.lu\/en\/chambres\/chambre-familiale-clervaux\/\",\"url\":\"https:\/\/koener.excellence-group.lu\/en\/chambres\/chambre-familiale-clervaux\/\",\"name\":\"Chambre Familiale \/ H\u00f4tel Koener \/ Clervaux\",\"isPartOf\":{\"@id\":\"https:\/\/koener.excellence-group.lu\/en\/#website\"},\"primaryImageOfPage\":{\"@id\":\"https:\/\/koener.excellence-group.lu\/en\/chambres\/chambre-familiale-clervaux\/#primaryimage\"},\"image\":{\"@id\":\"https:\/\/koener.excellence-group.lu\/en\/chambres\/chambre-familiale-clervaux\/#primaryimage\"},\"thumbnailUrl\":\"https:\/\/koener.excellence-group.lu\/wp-content\/uploads\/sites\/391\/2026\/02\/chambre-familiale-clervaux-luxembourg-hotel-koener-5.png\",\"datePublished\":\"2026-02-13T11:59:45+00:00\",\"dateModified\":\"2026-02-13T13:25:40+00:00\",\"description\":\"D\u00e9couvrez la chambre familiale de l'h\u00f4tel Koener \u00e0 Clervaux, un h\u00f4tel 4 \u00e9toiles avec spa inclus dans le Nord du Luxembourg.\",\"breadcrumb\":{\"@id\":\"https:\/\/koener.excellence-group.lu\/en\/chambres\/chambre-familiale-clervaux\/#breadcrumb\"},\"inLanguage\":\"en-US\",\"potentialAction\":[{\"@type\":\"ReadAction\",\"target\":[\"https:\/\/koener.excellence-group.lu\/en\/chambres\/chambre-familiale-clervaux\/\"]}]},{\"@type\":\"ImageObject\",\"inLanguage\":\"en-US\",\"@id\":\"https:\/\/koener.excellence-group.lu\/en\/chambres\/chambre-familiale-clervaux\/#primaryimage\",\"url\":\"https:\/\/koener.excellence-group.lu\/wp-content\/uploads\/sites\/391\/2026\/02\/chambre-familiale-clervaux-luxembourg-hotel-koener-5.png\",\"contentUrl\":\"https:\/\/koener.excellence-group.lu\/wp-content\/uploads\/sites\/391\/2026\/02\/chambre-familiale-clervaux-luxembourg-hotel-koener-5.png\",\"width\":1536,\"height\":1024},{\"@type\":\"BreadcrumbList\",\"@id\":\"https:\/\/koener.excellence-group.lu\/en\/chambres\/chambre-familiale-clervaux\/#breadcrumb\",\"itemListElement\":[{\"@type\":\"ListItem\",\"position\":1,\"name\":\"Home\",\"item\":\"https:\/\/koener.excellence-group.lu\/en\/\"},{\"@type\":\"ListItem\",\"position\":2,\"name\":\"Rooms &amp; Suites\",\"item\":\"https:\/\/koener.excellence-group.lu\/en\/chambres\/\"},{\"@type\":\"ListItem\",\"position\":3,\"name\":\"Family Room\"}]},{\"@type\":\"WebSite\",\"@id\":\"https:\/\/koener.excellence-group.lu\/en\/#website\",\"url\":\"https:\/\/koener.excellence-group.lu\/en\/\",\"name\":\"Koener\",\"description\":\"Just another ms.decms.eu site\",\"potentialAction\":[{\"@type\":\"SearchAction\",\"target\":{\"@type\":\"EntryPoint\",\"urlTemplate\":\"https:\/\/koener.excellence-group.lu\/en\/?s={search_term_string}\"},\"query-input\":{\"@type\":\"PropertyValueSpecification\",\"valueRequired\":true,\"valueName\":\"search_term_string\"}}],\"inLanguage\":\"en-US\"}]}<\/script>\n<!-- \/ Yoast SEO plugin. -->","yoast_head_json":{"title":"Chambre Familiale \/ H\u00f4tel Koener \/ Clervaux","description":"D\u00e9couvrez la chambre familiale de l'h\u00f4tel Koener \u00e0 Clervaux, un h\u00f4tel 4 \u00e9toiles avec spa inclus dans le Nord du Luxembourg.","robots":{"index":"index","follow":"follow","max-snippet":"max-snippet:-1","max-image-preview":"max-image-preview:large","max-video-preview":"max-video-preview:-1"},"canonical":"https:\/\/koener.excellence-group.lu\/en\/chambres\/chambre-familiale-clervaux\/","og_locale":"en_US","og_type":"article","og_title":"Chambre Familiale \/ H\u00f4tel Koener \/ Clervaux","og_description":"D\u00e9couvrez la chambre familiale de l'h\u00f4tel Koener \u00e0 Clervaux, un h\u00f4tel 4 \u00e9toiles avec spa inclus dans le Nord du Luxembourg.","og_url":"https:\/\/koener.excellence-group.lu\/en\/chambres\/chambre-familiale-clervaux\/","og_site_name":"Koener","article_modified_time":"2026-02-13T13:25:40+00:00","og_image":[{"width":1024,"height":683,"url":"https:\/\/koener.excellence-group.lu\/wp-content\/uploads\/sites\/391\/2026\/02\/chambre-familiale-clervaux-luxembourg-hotel-koener-5-1024x683.png","type":"image\/png"}],"twitter_card":"summary_large_image","twitter_misc":{"Est. reading time":"2 minutes"},"schema":{"@context":"https:\/\/schema.org","@graph":[{"@type":"WebPage","@id":"https:\/\/koener.excellence-group.lu\/en\/chambres\/chambre-familiale-clervaux\/","url":"https:\/\/koener.excellence-group.lu\/en\/chambres\/chambre-familiale-clervaux\/","name":"Chambre Familiale \/ H\u00f4tel Koener \/ Clervaux","isPartOf":{"@id":"https:\/\/koener.excellence-group.lu\/en\/#website"},"primaryImageOfPage":{"@id":"https:\/\/koener.excellence-group.lu\/en\/chambres\/chambre-familiale-clervaux\/#primaryimage"},"image":{"@id":"https:\/\/koener.excellence-group.lu\/en\/chambres\/chambre-familiale-clervaux\/#primaryimage"},"thumbnailUrl":"https:\/\/koener.excellence-group.lu\/wp-content\/uploads\/sites\/391\/2026\/02\/chambre-familiale-clervaux-luxembourg-hotel-koener-5.png","datePublished":"2026-02-13T11:59:45+00:00","dateModified":"2026-02-13T13:25:40+00:00","description":"D\u00e9couvrez la chambre familiale de l'h\u00f4tel Koener \u00e0 Clervaux, un h\u00f4tel 4 \u00e9toiles avec spa inclus dans le Nord du Luxembourg.","breadcrumb":{"@id":"https:\/\/koener.excellence-group.lu\/en\/chambres\/chambre-familiale-clervaux\/#breadcrumb"},"inLanguage":"en-US","potentialAction":[{"@type":"ReadAction","target":["https:\/\/koener.excellence-group.lu\/en\/chambres\/chambre-familiale-clervaux\/"]}]},{"@type":"ImageObject","inLanguage":"en-US","@id":"https:\/\/koener.excellence-group.lu\/en\/chambres\/chambre-familiale-clervaux\/#primaryimage","url":"https:\/\/koener.excellence-group.lu\/wp-content\/uploads\/sites\/391\/2026\/02\/chambre-familiale-clervaux-luxembourg-hotel-koener-5.png","contentUrl":"https:\/\/koener.excellence-group.lu\/wp-content\/uploads\/sites\/391\/2026\/02\/chambre-familiale-clervaux-luxembourg-hotel-koener-5.png","width":1536,"height":1024},{"@type":"BreadcrumbList","@id":"https:\/\/koener.excellence-group.lu\/en\/chambres\/chambre-familiale-clervaux\/#breadcrumb","itemListElement":[{"@type":"ListItem","position":1,"name":"Home","item":"https:\/\/koener.excellence-group.lu\/en\/"},{"@type":"ListItem","position":2,"name":"Rooms &amp; Suites","item":"https:\/\/koener.excellence-group.lu\/en\/chambres\/"},{"@type":"ListItem","position":3,"name":"Family Room"}]},{"@type":"WebSite","@id":"https:\/\/koener.excellence-group.lu\/en\/#website","url":"https:\/\/koener.excellence-group.lu\/en\/","name":"Koener","description":"Just another ms.decms.eu site","potentialAction":[{"@type":"SearchAction","target":{"@type":"EntryPoint","urlTemplate":"https:\/\/koener.excellence-group.lu\/en\/?s={search_term_string}"},"query-input":{"@type":"PropertyValueSpecification","valueRequired":true,"valueName":"search_term_string"}}],"inLanguage":"en-US"}]}},"acf":[],"_links":{"self":[{"href":"https:\/\/koener.excellence-group.lu\/en\/wp-json\/wp\/v2\/pages\/1474","targetHints":{"allow":["GET"]}}],"collection":[{"href":"https:\/\/koener.excellence-group.lu\/en\/wp-json\/wp\/v2\/pages"}],"about":[{"href":"https:\/\/koener.excellence-group.lu\/en\/wp-json\/wp\/v2\/types\/page"}],"author":[{"embeddable":true,"href":"https:\/\/koener.excellence-group.lu\/en\/wp-json\/wp\/v2\/users\/399"}],"replies":[{"embeddable":true,"href":"https:\/\/koener.excellence-group.lu\/en\/wp-json\/wp\/v2\/comments?post=1474"}],"version-history":[{"count":0,"href":"https:\/\/koener.excellence-group.lu\/en\/wp-json\/wp\/v2\/pages\/1474\/revisions"}],"up":[{"embeddable":true,"href":"https:\/\/koener.excellence-group.lu\/en\/wp-json\/wp\/v2\/pages\/210"}],"wp:featuredmedia":[{"embeddable":true,"href":"https:\/\/koener.excellence-group.lu\/en\/wp-json\/wp\/v2\/media\/1457"}],"wp:attachment":[{"href":"https:\/\/koener.excellence-group.lu\/en\/wp-json\/wp\/v2\/media?parent=1474"}],"curies":[{"name":"wp","href":"https:\/\/api.w.org\/{rel}","templated":true}]}}