{"id":1473,"date":"2026-02-13T11:59:45","date_gmt":"2026-02-13T11:59:45","guid":{"rendered":"https:\/\/koener.excellence-group.lu\/kamers\/chambre-familiale-clervaux\/"},"modified":"2026-02-13T13:33:59","modified_gmt":"2026-02-13T13:33:59","slug":"chambre-familiale-clervaux","status":"publish","type":"page","link":"https:\/\/koener.excellence-group.lu\/nl\/kamers\/chambre-familiale-clervaux\/","title":{"rendered":"Familiekamer"},"content":{"rendered":"<p>De ruime en lichte familiekamer van Hotel Koener is ontworpen om jong en oud te verwelkomen in een comfortabele en rustgevende omgeving. Deze kamer onder het dak valt op door zijn royale afmetingen, zijn charmante schuine lijnen en zijn gezellige sfeer, ideaal voor een verblijf met het gezin in het hart van de Luxemburgse Ardennen.<\/p>\n<p>De kamer beschikt over een groot comfortabel bed, zorgvuldig opgemaakt met kwaliteitsbeddengoed, en een aangename zithoek waar iedereen zich kan ontspannen. Sommige kamers bieden directe toegang tot een terras, een echte troef om te genieten van een rustig moment met uitzicht op de omringende natuur.<\/p>\n<p>De ruime en elegante badkamer is uitgerust met een hoekbad dat uitnodigt tot ontspanning na een dag vol ontdekkingen in Clervaux en de omgeving.<\/p>\n<p>Een gezellige familieomgeving waar comfort, functionaliteit en rust samenkomen, voor een aangenaam verblijf in Hotel Koener.<\/p>\n<p><em>NB: toegang tot de Cinq Mondes SPA van het hotel is standaard inbegrepen wanneer u in een familiekamer verblijft. Houd er echter rekening mee dat kinderen (tot 14 jaar) alleen tot 12.00 uur toegang hebben tot het zwembad.<\/em><\/p>\n","protected":false},"excerpt":{"rendered":"<p>De ruime en lichte familiekamer van Hotel Koener is ontworpen om jong en oud te verwelkomen in een comfortabele en rustgevende omgeving. Deze kamer onder het dak valt op door zijn royale afmetingen, zijn charmante schuine lijnen en zijn gezellige sfeer, ideaal voor een verblijf met het gezin in het hart van de Luxemburgse Ardennen. [&hellip;]<\/p>\n","protected":false},"author":399,"featured_media":1456,"parent":207,"menu_order":0,"comment_status":"closed","ping_status":"closed","template":"template-single-room.php","meta":{"footnotes":""},"class_list":["post-1473","page","type-page","status-publish","has-post-thumbnail","hentry"],"yoast_head":"<!-- This site is optimized with the Yoast SEO plugin v26.9 - https:\/\/yoast.com\/product\/yoast-seo-wordpress\/ -->\n<title>Chambre Familiale \/ H\u00f4tel Koener \/ Clervaux<\/title>\n<meta name=\"description\" content=\"D\u00e9couvrez la chambre familiale de l&#039;h\u00f4tel Koener \u00e0 Clervaux, un h\u00f4tel 4 \u00e9toiles avec spa inclus dans le Nord du Luxembourg.\" \/>\n<meta name=\"robots\" content=\"index, follow, max-snippet:-1, max-image-preview:large, max-video-preview:-1\" \/>\n<link rel=\"canonical\" href=\"https:\/\/koener.excellence-group.lu\/nl\/kamers\/chambre-familiale-clervaux\/\" \/>\n<meta property=\"og:locale\" content=\"nl_NL\" \/>\n<meta property=\"og:type\" content=\"article\" \/>\n<meta property=\"og:title\" content=\"Chambre Familiale \/ H\u00f4tel Koener \/ Clervaux\" \/>\n<meta property=\"og:description\" content=\"D\u00e9couvrez la chambre familiale de l&#039;h\u00f4tel Koener \u00e0 Clervaux, un h\u00f4tel 4 \u00e9toiles avec spa inclus dans le Nord du Luxembourg.\" \/>\n<meta property=\"og:url\" content=\"https:\/\/koener.excellence-group.lu\/nl\/kamers\/chambre-familiale-clervaux\/\" \/>\n<meta property=\"og:site_name\" content=\"Koener\" \/>\n<meta property=\"article:modified_time\" content=\"2026-02-13T13:33:59+00:00\" \/>\n<meta property=\"og:image\" content=\"https:\/\/koener.excellence-group.lu\/wp-content\/uploads\/sites\/391\/2026\/02\/chambre-familiale-clervaux-luxembourg-hotel-koener-5-1024x683.png\" \/>\n\t<meta property=\"og:image:width\" content=\"1024\" \/>\n\t<meta property=\"og:image:height\" content=\"683\" \/>\n\t<meta property=\"og:image:type\" content=\"image\/png\" \/>\n<meta name=\"twitter:card\" content=\"summary_large_image\" \/>\n<meta name=\"twitter:label1\" content=\"Geschatte leestijd\" \/>\n\t<meta name=\"twitter:data1\" content=\"2 minuten\" \/>\n<script type=\"application\/ld+json\" class=\"yoast-schema-graph\">{\"@context\":\"https:\/\/schema.org\",\"@graph\":[{\"@type\":\"WebPage\",\"@id\":\"https:\/\/koener.excellence-group.lu\/nl\/kamers\/chambre-familiale-clervaux\/\",\"url\":\"https:\/\/koener.excellence-group.lu\/nl\/kamers\/chambre-familiale-clervaux\/\",\"name\":\"Chambre Familiale \/ H\u00f4tel Koener \/ Clervaux\",\"isPartOf\":{\"@id\":\"https:\/\/koener.excellence-group.lu\/nl\/#website\"},\"primaryImageOfPage\":{\"@id\":\"https:\/\/koener.excellence-group.lu\/nl\/kamers\/chambre-familiale-clervaux\/#primaryimage\"},\"image\":{\"@id\":\"https:\/\/koener.excellence-group.lu\/nl\/kamers\/chambre-familiale-clervaux\/#primaryimage\"},\"thumbnailUrl\":\"https:\/\/koener.excellence-group.lu\/wp-content\/uploads\/sites\/391\/2026\/02\/chambre-familiale-clervaux-luxembourg-hotel-koener-5.png\",\"datePublished\":\"2026-02-13T11:59:45+00:00\",\"dateModified\":\"2026-02-13T13:33:59+00:00\",\"description\":\"D\u00e9couvrez la chambre familiale de l'h\u00f4tel Koener \u00e0 Clervaux, un h\u00f4tel 4 \u00e9toiles avec spa inclus dans le Nord du Luxembourg.\",\"breadcrumb\":{\"@id\":\"https:\/\/koener.excellence-group.lu\/nl\/kamers\/chambre-familiale-clervaux\/#breadcrumb\"},\"inLanguage\":\"nl-NL\",\"potentialAction\":[{\"@type\":\"ReadAction\",\"target\":[\"https:\/\/koener.excellence-group.lu\/nl\/kamers\/chambre-familiale-clervaux\/\"]}]},{\"@type\":\"ImageObject\",\"inLanguage\":\"nl-NL\",\"@id\":\"https:\/\/koener.excellence-group.lu\/nl\/kamers\/chambre-familiale-clervaux\/#primaryimage\",\"url\":\"https:\/\/koener.excellence-group.lu\/wp-content\/uploads\/sites\/391\/2026\/02\/chambre-familiale-clervaux-luxembourg-hotel-koener-5.png\",\"contentUrl\":\"https:\/\/koener.excellence-group.lu\/wp-content\/uploads\/sites\/391\/2026\/02\/chambre-familiale-clervaux-luxembourg-hotel-koener-5.png\",\"width\":1536,\"height\":1024},{\"@type\":\"BreadcrumbList\",\"@id\":\"https:\/\/koener.excellence-group.lu\/nl\/kamers\/chambre-familiale-clervaux\/#breadcrumb\",\"itemListElement\":[{\"@type\":\"ListItem\",\"position\":1,\"name\":\"Home\",\"item\":\"https:\/\/koener.excellence-group.lu\/nl\/\"},{\"@type\":\"ListItem\",\"position\":2,\"name\":\"Kamers &amp; Suites\",\"item\":\"https:\/\/koener.excellence-group.lu\/nl\/kamers\/\"},{\"@type\":\"ListItem\",\"position\":3,\"name\":\"Familiekamer\"}]},{\"@type\":\"WebSite\",\"@id\":\"https:\/\/koener.excellence-group.lu\/nl\/#website\",\"url\":\"https:\/\/koener.excellence-group.lu\/nl\/\",\"name\":\"Koener\",\"description\":\"Just another ms.decms.eu site\",\"potentialAction\":[{\"@type\":\"SearchAction\",\"target\":{\"@type\":\"EntryPoint\",\"urlTemplate\":\"https:\/\/koener.excellence-group.lu\/nl\/?s={search_term_string}\"},\"query-input\":{\"@type\":\"PropertyValueSpecification\",\"valueRequired\":true,\"valueName\":\"search_term_string\"}}],\"inLanguage\":\"nl-NL\"}]}<\/script>\n<!-- \/ Yoast SEO plugin. -->","yoast_head_json":{"title":"Chambre Familiale \/ H\u00f4tel Koener \/ Clervaux","description":"D\u00e9couvrez la chambre familiale de l'h\u00f4tel Koener \u00e0 Clervaux, un h\u00f4tel 4 \u00e9toiles avec spa inclus dans le Nord du Luxembourg.","robots":{"index":"index","follow":"follow","max-snippet":"max-snippet:-1","max-image-preview":"max-image-preview:large","max-video-preview":"max-video-preview:-1"},"canonical":"https:\/\/koener.excellence-group.lu\/nl\/kamers\/chambre-familiale-clervaux\/","og_locale":"nl_NL","og_type":"article","og_title":"Chambre Familiale \/ H\u00f4tel Koener \/ Clervaux","og_description":"D\u00e9couvrez la chambre familiale de l'h\u00f4tel Koener \u00e0 Clervaux, un h\u00f4tel 4 \u00e9toiles avec spa inclus dans le Nord du Luxembourg.","og_url":"https:\/\/koener.excellence-group.lu\/nl\/kamers\/chambre-familiale-clervaux\/","og_site_name":"Koener","article_modified_time":"2026-02-13T13:33:59+00:00","og_image":[{"width":1024,"height":683,"url":"https:\/\/koener.excellence-group.lu\/wp-content\/uploads\/sites\/391\/2026\/02\/chambre-familiale-clervaux-luxembourg-hotel-koener-5-1024x683.png","type":"image\/png"}],"twitter_card":"summary_large_image","twitter_misc":{"Geschatte leestijd":"2 minuten"},"schema":{"@context":"https:\/\/schema.org","@graph":[{"@type":"WebPage","@id":"https:\/\/koener.excellence-group.lu\/nl\/kamers\/chambre-familiale-clervaux\/","url":"https:\/\/koener.excellence-group.lu\/nl\/kamers\/chambre-familiale-clervaux\/","name":"Chambre Familiale \/ H\u00f4tel Koener \/ Clervaux","isPartOf":{"@id":"https:\/\/koener.excellence-group.lu\/nl\/#website"},"primaryImageOfPage":{"@id":"https:\/\/koener.excellence-group.lu\/nl\/kamers\/chambre-familiale-clervaux\/#primaryimage"},"image":{"@id":"https:\/\/koener.excellence-group.lu\/nl\/kamers\/chambre-familiale-clervaux\/#primaryimage"},"thumbnailUrl":"https:\/\/koener.excellence-group.lu\/wp-content\/uploads\/sites\/391\/2026\/02\/chambre-familiale-clervaux-luxembourg-hotel-koener-5.png","datePublished":"2026-02-13T11:59:45+00:00","dateModified":"2026-02-13T13:33:59+00:00","description":"D\u00e9couvrez la chambre familiale de l'h\u00f4tel Koener \u00e0 Clervaux, un h\u00f4tel 4 \u00e9toiles avec spa inclus dans le Nord du Luxembourg.","breadcrumb":{"@id":"https:\/\/koener.excellence-group.lu\/nl\/kamers\/chambre-familiale-clervaux\/#breadcrumb"},"inLanguage":"nl-NL","potentialAction":[{"@type":"ReadAction","target":["https:\/\/koener.excellence-group.lu\/nl\/kamers\/chambre-familiale-clervaux\/"]}]},{"@type":"ImageObject","inLanguage":"nl-NL","@id":"https:\/\/koener.excellence-group.lu\/nl\/kamers\/chambre-familiale-clervaux\/#primaryimage","url":"https:\/\/koener.excellence-group.lu\/wp-content\/uploads\/sites\/391\/2026\/02\/chambre-familiale-clervaux-luxembourg-hotel-koener-5.png","contentUrl":"https:\/\/koener.excellence-group.lu\/wp-content\/uploads\/sites\/391\/2026\/02\/chambre-familiale-clervaux-luxembourg-hotel-koener-5.png","width":1536,"height":1024},{"@type":"BreadcrumbList","@id":"https:\/\/koener.excellence-group.lu\/nl\/kamers\/chambre-familiale-clervaux\/#breadcrumb","itemListElement":[{"@type":"ListItem","position":1,"name":"Home","item":"https:\/\/koener.excellence-group.lu\/nl\/"},{"@type":"ListItem","position":2,"name":"Kamers &amp; Suites","item":"https:\/\/koener.excellence-group.lu\/nl\/kamers\/"},{"@type":"ListItem","position":3,"name":"Familiekamer"}]},{"@type":"WebSite","@id":"https:\/\/koener.excellence-group.lu\/nl\/#website","url":"https:\/\/koener.excellence-group.lu\/nl\/","name":"Koener","description":"Just another ms.decms.eu site","potentialAction":[{"@type":"SearchAction","target":{"@type":"EntryPoint","urlTemplate":"https:\/\/koener.excellence-group.lu\/nl\/?s={search_term_string}"},"query-input":{"@type":"PropertyValueSpecification","valueRequired":true,"valueName":"search_term_string"}}],"inLanguage":"nl-NL"}]}},"acf":[],"_links":{"self":[{"href":"https:\/\/koener.excellence-group.lu\/nl\/wp-json\/wp\/v2\/pages\/1473","targetHints":{"allow":["GET"]}}],"collection":[{"href":"https:\/\/koener.excellence-group.lu\/nl\/wp-json\/wp\/v2\/pages"}],"about":[{"href":"https:\/\/koener.excellence-group.lu\/nl\/wp-json\/wp\/v2\/types\/page"}],"author":[{"embeddable":true,"href":"https:\/\/koener.excellence-group.lu\/nl\/wp-json\/wp\/v2\/users\/399"}],"replies":[{"embeddable":true,"href":"https:\/\/koener.excellence-group.lu\/nl\/wp-json\/wp\/v2\/comments?post=1473"}],"version-history":[{"count":0,"href":"https:\/\/koener.excellence-group.lu\/nl\/wp-json\/wp\/v2\/pages\/1473\/revisions"}],"up":[{"embeddable":true,"href":"https:\/\/koener.excellence-group.lu\/nl\/wp-json\/wp\/v2\/pages\/207"}],"wp:featuredmedia":[{"embeddable":true,"href":"https:\/\/koener.excellence-group.lu\/nl\/wp-json\/wp\/v2\/media\/1456"}],"wp:attachment":[{"href":"https:\/\/koener.excellence-group.lu\/nl\/wp-json\/wp\/v2\/media?parent=1473"}],"curies":[{"name":"wp","href":"https:\/\/api.w.org\/{rel}","templated":true}]}}