{"id":191,"date":"2021-03-29T19:44:36","date_gmt":"2021-03-29T19:44:36","guid":{"rendered":"https:\/\/koener.ms.decms.eu\/contact\/"},"modified":"2021-06-28T18:51:37","modified_gmt":"2021-06-28T18:51:37","slug":"contact","status":"publish","type":"page","link":"https:\/\/koener.excellence-group.lu\/nl\/contact\/","title":{"rendered":"Contact"},"content":{"rendered":"<p style=\"text-align: center;\">Pour toute question, n\u2019h\u00e9sitez pas \u00e0 nous contacter.<br \/>\nToute notre \u00e9quipe se tient \u00e0 votre enti\u00e8re disposition et sera ravie de pouvoir vous transmettre un compl\u00e9ment d\u2019informations et vous aider pour votre r\u00e9servation en nos \u00e9tablissements.<\/p>\n","protected":false},"excerpt":{"rendered":"<p>Pour toute question, n\u2019h\u00e9sitez pas \u00e0 nous contacter. Toute notre \u00e9quipe se tient \u00e0 votre enti\u00e8re disposition et sera ravie de pouvoir vous transmettre un compl\u00e9ment d\u2019informations et vous aider pour votre r\u00e9servation en nos \u00e9tablissements.<\/p>\n","protected":false},"author":5,"featured_media":0,"parent":0,"menu_order":0,"comment_status":"closed","ping_status":"closed","template":"template-contacts.php","meta":{"footnotes":""},"class_list":["post-191","page","type-page","status-publish","hentry"],"yoast_head":"<!-- This site is optimized with the Yoast SEO plugin v26.9 - https:\/\/yoast.com\/product\/yoast-seo-wordpress\/ -->\n<title>Contact - Koener<\/title>\n<meta name=\"robots\" content=\"index, follow, max-snippet:-1, max-image-preview:large, max-video-preview:-1\" \/>\n<link rel=\"canonical\" href=\"https:\/\/koener.excellence-group.lu\/nl\/contact\/\" \/>\n<meta property=\"og:locale\" content=\"nl_NL\" \/>\n<meta property=\"og:type\" content=\"article\" \/>\n<meta property=\"og:title\" content=\"Contact - Koener\" \/>\n<meta property=\"og:description\" content=\"Pour toute question, n\u2019h\u00e9sitez pas \u00e0 nous contacter. Toute notre \u00e9quipe se tient \u00e0 votre enti\u00e8re disposition et sera ravie de pouvoir vous transmettre un compl\u00e9ment d\u2019informations et vous aider pour votre r\u00e9servation en nos \u00e9tablissements.\" \/>\n<meta property=\"og:url\" content=\"https:\/\/koener.excellence-group.lu\/nl\/contact\/\" \/>\n<meta property=\"og:site_name\" content=\"Koener\" \/>\n<meta property=\"article:modified_time\" content=\"2021-06-28T18:51:37+00:00\" \/>\n<meta name=\"twitter:card\" content=\"summary_large_image\" \/>\n<script type=\"application\/ld+json\" class=\"yoast-schema-graph\">{\"@context\":\"https:\/\/schema.org\",\"@graph\":[{\"@type\":\"WebPage\",\"@id\":\"https:\/\/koener.excellence-group.lu\/nl\/contact\/\",\"url\":\"https:\/\/koener.excellence-group.lu\/nl\/contact\/\",\"name\":\"Contact - Koener\",\"isPartOf\":{\"@id\":\"https:\/\/koener.excellence-group.lu\/nl\/#website\"},\"datePublished\":\"2021-03-29T19:44:36+00:00\",\"dateModified\":\"2021-06-28T18:51:37+00:00\",\"breadcrumb\":{\"@id\":\"https:\/\/koener.excellence-group.lu\/nl\/contact\/#breadcrumb\"},\"inLanguage\":\"nl-NL\",\"potentialAction\":[{\"@type\":\"ReadAction\",\"target\":[\"https:\/\/koener.excellence-group.lu\/nl\/contact\/\"]}]},{\"@type\":\"BreadcrumbList\",\"@id\":\"https:\/\/koener.excellence-group.lu\/nl\/contact\/#breadcrumb\",\"itemListElement\":[{\"@type\":\"ListItem\",\"position\":1,\"name\":\"Home\",\"item\":\"https:\/\/koener.excellence-group.lu\/nl\/\"},{\"@type\":\"ListItem\",\"position\":2,\"name\":\"Contact\"}]},{\"@type\":\"WebSite\",\"@id\":\"https:\/\/koener.excellence-group.lu\/nl\/#website\",\"url\":\"https:\/\/koener.excellence-group.lu\/nl\/\",\"name\":\"Koener\",\"description\":\"Just another ms.decms.eu site\",\"potentialAction\":[{\"@type\":\"SearchAction\",\"target\":{\"@type\":\"EntryPoint\",\"urlTemplate\":\"https:\/\/koener.excellence-group.lu\/nl\/?s={search_term_string}\"},\"query-input\":{\"@type\":\"PropertyValueSpecification\",\"valueRequired\":true,\"valueName\":\"search_term_string\"}}],\"inLanguage\":\"nl-NL\"}]}<\/script>\n<!-- \/ Yoast SEO plugin. -->","yoast_head_json":{"title":"Contact - Koener","robots":{"index":"index","follow":"follow","max-snippet":"max-snippet:-1","max-image-preview":"max-image-preview:large","max-video-preview":"max-video-preview:-1"},"canonical":"https:\/\/koener.excellence-group.lu\/nl\/contact\/","og_locale":"nl_NL","og_type":"article","og_title":"Contact - Koener","og_description":"Pour toute question, n\u2019h\u00e9sitez pas \u00e0 nous contacter. Toute notre \u00e9quipe se tient \u00e0 votre enti\u00e8re disposition et sera ravie de pouvoir vous transmettre un compl\u00e9ment d\u2019informations et vous aider pour votre r\u00e9servation en nos \u00e9tablissements.","og_url":"https:\/\/koener.excellence-group.lu\/nl\/contact\/","og_site_name":"Koener","article_modified_time":"2021-06-28T18:51:37+00:00","twitter_card":"summary_large_image","schema":{"@context":"https:\/\/schema.org","@graph":[{"@type":"WebPage","@id":"https:\/\/koener.excellence-group.lu\/nl\/contact\/","url":"https:\/\/koener.excellence-group.lu\/nl\/contact\/","name":"Contact - Koener","isPartOf":{"@id":"https:\/\/koener.excellence-group.lu\/nl\/#website"},"datePublished":"2021-03-29T19:44:36+00:00","dateModified":"2021-06-28T18:51:37+00:00","breadcrumb":{"@id":"https:\/\/koener.excellence-group.lu\/nl\/contact\/#breadcrumb"},"inLanguage":"nl-NL","potentialAction":[{"@type":"ReadAction","target":["https:\/\/koener.excellence-group.lu\/nl\/contact\/"]}]},{"@type":"BreadcrumbList","@id":"https:\/\/koener.excellence-group.lu\/nl\/contact\/#breadcrumb","itemListElement":[{"@type":"ListItem","position":1,"name":"Home","item":"https:\/\/koener.excellence-group.lu\/nl\/"},{"@type":"ListItem","position":2,"name":"Contact"}]},{"@type":"WebSite","@id":"https:\/\/koener.excellence-group.lu\/nl\/#website","url":"https:\/\/koener.excellence-group.lu\/nl\/","name":"Koener","description":"Just another ms.decms.eu site","potentialAction":[{"@type":"SearchAction","target":{"@type":"EntryPoint","urlTemplate":"https:\/\/koener.excellence-group.lu\/nl\/?s={search_term_string}"},"query-input":{"@type":"PropertyValueSpecification","valueRequired":true,"valueName":"search_term_string"}}],"inLanguage":"nl-NL"}]}},"acf":[],"_links":{"self":[{"href":"https:\/\/koener.excellence-group.lu\/nl\/wp-json\/wp\/v2\/pages\/191","targetHints":{"allow":["GET"]}}],"collection":[{"href":"https:\/\/koener.excellence-group.lu\/nl\/wp-json\/wp\/v2\/pages"}],"about":[{"href":"https:\/\/koener.excellence-group.lu\/nl\/wp-json\/wp\/v2\/types\/page"}],"author":[{"embeddable":true,"href":"https:\/\/koener.excellence-group.lu\/nl\/wp-json\/wp\/v2\/users\/5"}],"replies":[{"embeddable":true,"href":"https:\/\/koener.excellence-group.lu\/nl\/wp-json\/wp\/v2\/comments?post=191"}],"version-history":[{"count":0,"href":"https:\/\/koener.excellence-group.lu\/nl\/wp-json\/wp\/v2\/pages\/191\/revisions"}],"wp:attachment":[{"href":"https:\/\/koener.excellence-group.lu\/nl\/wp-json\/wp\/v2\/media?parent=191"}],"curies":[{"name":"wp","href":"https:\/\/api.w.org\/{rel}","templated":true}]}}